{"id":1973628,"date":"2021-06-02T12:08:47","date_gmt":"2021-06-02T10:08:47","guid":{"rendered":"https:\/\/de.tilta.com\/shop\/tilta-15mm-lws-grundplatte-typ-vi\/"},"modified":"2026-04-22T04:29:43","modified_gmt":"2026-04-22T02:29:43","slug":"tiltaing-15mm-lws-baseplate-type-vi","status":"publish","type":"product","link":"https:\/\/eu.tilta.com\/de\/shop\/tiltaing-15mm-lws-baseplate-type-vi\/","title":{"rendered":"Tilta 15mm LWS Grundplatte Typ VI"},"content":{"rendered":"<p>Diese 15-mm-LWS-Grundplatte bietet eine 15-mm-Stangenhalterung und erm\u00f6glicht die Montage von Zubeh\u00f6r, das auf Stangen basiert, wie z.B. <a href=\"https:\/\/de.tilta.com\/product-category\/matte-boxes\/\">Matteboxen<\/a> und <a href=\"https:\/\/de.tilta.com\/product-category\/lens-control-systems\/\">Follow-Focus-Systeme<\/a>.<\/p>\n<p>Die Doppelrosetten erm\u00f6glichen Ihnen die einfache Montage von ARRI Rosetten-Zubeh\u00f6r wie unseren Type II\/V <a href=\"https:\/\/de.tilta.com\/product-category\/handles\/side-handles\/\">Side Handles<\/a> oder unseren <a href=\"https:\/\/de.tilta.com\/shop\/professional-handgrips-side-arms-pair\/\">Rosetten-Verl\u00e4ngerungsarmen<\/a> f\u00fcr eine komfortable Bedienung \u00fcber die Schulter.<\/p>\n<p>Diese Grundplatte enth\u00e4lt einen reservierten Platz f\u00fcr die Befestigung des neuen Tilta M2 SSD Case, das die Aufnahme auf eine externe SSD einfach und sicher macht.<\/p>\n<p>Die Unterseite der Grundplatte l\u00e4sst sich \u00fcber unsere <a href=\"https:\/\/de.tilta.com\/shop\/10-lightweight-dovetail-plate-tt-c16\/\">Tilta Standard<\/a> <a href=\"https:\/\/de.tilta.com\/shop\/19mm-tilta-studio-multi-functional-baseplate-tt-c06-d\/\">zu Arri Standard Multifunktionsgrundplatte<\/a> mit unseren <a href=\"https:\/\/de.tilta.com\/shop\/10-lightweight-dovetail-plate-tt-c16\/\">Tilta Standard Schwalbenschw\u00e4nzen<\/a> oder ARRI Standard Schwalbenschw\u00e4nzen verbinden <a href=\"https:\/\/de.tilta.com\/shop\/19mm-tilta-studio-multi-functional-baseplate-tt-c06-d\/\">.<\/a><\/p>\n<p>Diese Grundplatte kann auch an Schnellwechselplatten von Drittanbietern \u00fcber 1\/4\u2033-20 und 3\/8\u2033-16 Gewinde montiert werden.<\/p>\n","protected":false},"excerpt":{"rendered":"<p>Diese 15-mm-LWS-Grundplatte bietet eine 15-mm-Stangenhalterung und erm\u00f6glicht die Montage von Zubeh\u00f6r, das auf Stangen basiert, wie z.B. Matteboxen und Follow-Focus-Systeme. Die Doppelrosetten erm\u00f6glichen Ihnen die einfache Montage von ARRI Rosetten-Zubeh\u00f6r wie unseren Type II\/V Side Handles oder unseren Rosetten-Verl\u00e4ngerungsarmen f\u00fcr [&hellip;]<\/p>\n","protected":false},"featured_media":1966771,"comment_status":"closed","ping_status":"closed","template":"","meta":[],"product_cat":[1073,1079,1188],"product_tag":[],"acf":[],"gallery_images":[1800149,1800150,1800173],"_links":{"self":[{"href":"https:\/\/eu.tilta.com\/de\/wp-json\/wp\/v2\/product\/1973628"}],"collection":[{"href":"https:\/\/eu.tilta.com\/de\/wp-json\/wp\/v2\/product"}],"about":[{"href":"https:\/\/eu.tilta.com\/de\/wp-json\/wp\/v2\/types\/product"}],"replies":[{"embeddable":true,"href":"https:\/\/eu.tilta.com\/de\/wp-json\/wp\/v2\/comments?post=1973628"}],"wp:featuredmedia":[{"embeddable":true,"href":"https:\/\/eu.tilta.com\/de\/wp-json\/wp\/v2\/media\/1966771"}],"wp:attachment":[{"href":"https:\/\/eu.tilta.com\/de\/wp-json\/wp\/v2\/media?parent=1973628"}],"wp:term":[{"taxonomy":"product_cat","embeddable":true,"href":"https:\/\/eu.tilta.com\/de\/wp-json\/wp\/v2\/product_cat?post=1973628"},{"taxonomy":"product_tag","embeddable":true,"href":"https:\/\/eu.tilta.com\/de\/wp-json\/wp\/v2\/product_tag?post=1973628"}],"curies":[{"name":"wp","href":"https:\/\/api.w.org\/{rel}","templated":true}]}}