{"id":1973653,"date":"2021-05-28T14:30:44","date_gmt":"2021-05-28T12:30:44","guid":{"rendered":"https:\/\/de.tilta.com\/shop\/tilta-sony-a1-basis-kit\/"},"modified":"2025-12-05T12:14:17","modified_gmt":"2025-12-05T11:14:17","slug":"tiltaing-sony-a1-basic-kit","status":"publish","type":"product","link":"https:\/\/eu.tilta.com\/de\/shop\/tiltaing-sony-a1-basic-kit\/","title":{"rendered":"Tilta Sony a1 Basis-Kit"},"content":{"rendered":"<p>Dieses Basic Kit bietet eine Schutzh\u00fclle f\u00fcr die Sony a1, a7S III, a7R III, a7R IV und a7 III und enth\u00e4lt einige grundlegende Zubeh\u00f6rteile, um die Funktionalit\u00e4t der Kamera zu verbessern.<\/p>\n<p>Der Full Cage verf\u00fcgt \u00fcber mehrere 3\/8&#8243;-16- und 1\/4&#8243;-20-Gewinde mit Fixierstiften, Kaltschuhaufnahmen und eine NATO-Schiene f\u00fcr Seitengriffe vom Typ IV und VI.<\/p>\n<p>Er verf\u00fcgt au\u00dferdem \u00fcber einen ARRI-kompatiblen Rosettenanschluss sowie \u00fcber Anschl\u00fcsse f\u00fcr unsere optionalen <a href=\"https:\/\/de.tilta.com\/product-category\/accessories\/rod-rod-holders\/\">Einzelstangenhalterungen<\/a>.<\/p>\n<p>Die Rosette wurde speziell f\u00fcr unseren <a href=\"https:\/\/de.tilta.com\/shop\/tiltaing-adjustable-top-handle\/\">Adjustable Top Handle<\/a> entwickelt, um eine flexiblere Bedienung und Handhabung zu erm\u00f6glichen.<\/p>\n<p>Der mitgelieferte Quick Release Top Handle kann am K\u00e4fig befestigt werden, um verschiedene M\u00f6glichkeiten zu bieten, Ihre Kamera bequem zu bedienen.<\/p>\n<p>Der Handgriff enth\u00e4lt zwei Kaltschuh-Empf\u00e4nger, die zur Befestigung eines externen Monitors \u00fcber unsere <a href=\"https:\/\/de.tilta.com\/shop\/tiltaing-adjustable-cold-shoe-accessory-mounting-bracket\/\">Kaltschuh-Zubeh\u00f6rhalterung<\/a> verwendet werden k\u00f6nnen.<\/p>\n<p>Dieser Griff verf\u00fcgt au\u00dferdem \u00fcber eine 15-mm-Stabhalterung, mit der Sie einen Stab senkrecht zum Griff f\u00fcr EVFs oder Monitorhalterungen mit 15-mm-St\u00e4ben befestigen k\u00f6nnen.<\/p>\n<p>Die Bodenplatte verf\u00fcgt \u00fcber 1\/4\u2033-20 Gewinde zur Befestigung Ihrer Kamera an verschiedenen Schnellwechselplatten und ist mit der <a href=\"https:\/\/de.tilta.com\/shop\/15mm-lws-baseplate-type-ii\/\">15mm LWS Grundplatte Typ II<\/a> kompatibel.<\/p>\n<p>Die HDMI-Klemme wird an der Seite des K\u00e4figs angebracht und erm\u00f6glicht es Ihnen, das mitgelieferte HDMI-Stecker-auf-HDMI-Buchse-Kabel sicher an Ihrem System zu befestigen.<\/p>\n<p>Diese Klemme kann verhindern, dass sich Ihr HDMI-Kabel w\u00e4hrend der Aufnahme l\u00f6st, und sie kann den Anschluss an Ihrem Kamerageh\u00e4use sch\u00fctzen.<\/p>\n<p>Dies kann besonders hilfreich sein, wenn Sie einen externen Rekorder verwenden.<\/p>\n","protected":false},"excerpt":{"rendered":"<p>Dieses Basic Kit bietet eine Schutzh\u00fclle f\u00fcr die Sony a1, a7S III, a7R III, a7R IV und a7 III und enth\u00e4lt einige grundlegende Zubeh\u00f6rteile, um die Funktionalit\u00e4t der Kamera zu verbessern. Der Full Cage verf\u00fcgt \u00fcber mehrere 3\/8&#8243;-16- und 1\/4&#8243;-20-Gewinde [&hellip;]<\/p>\n","protected":false},"featured_media":1966248,"comment_status":"closed","ping_status":"closed","template":"","meta":[],"product_cat":[1125],"product_tag":[],"acf":[],"gallery_images":[1466987,1466988],"_links":{"self":[{"href":"https:\/\/eu.tilta.com\/de\/wp-json\/wp\/v2\/product\/1973653"}],"collection":[{"href":"https:\/\/eu.tilta.com\/de\/wp-json\/wp\/v2\/product"}],"about":[{"href":"https:\/\/eu.tilta.com\/de\/wp-json\/wp\/v2\/types\/product"}],"replies":[{"embeddable":true,"href":"https:\/\/eu.tilta.com\/de\/wp-json\/wp\/v2\/comments?post=1973653"}],"wp:featuredmedia":[{"embeddable":true,"href":"https:\/\/eu.tilta.com\/de\/wp-json\/wp\/v2\/media\/1966248"}],"wp:attachment":[{"href":"https:\/\/eu.tilta.com\/de\/wp-json\/wp\/v2\/media?parent=1973653"}],"wp:term":[{"taxonomy":"product_cat","embeddable":true,"href":"https:\/\/eu.tilta.com\/de\/wp-json\/wp\/v2\/product_cat?post=1973653"},{"taxonomy":"product_tag","embeddable":true,"href":"https:\/\/eu.tilta.com\/de\/wp-json\/wp\/v2\/product_tag?post=1973653"}],"curies":[{"name":"wp","href":"https:\/\/api.w.org\/{rel}","templated":true}]}}