{"id":1973659,"date":"2021-05-17T15:16:18","date_gmt":"2021-05-17T13:16:18","guid":{"rendered":"https:\/\/de.tilta.com\/shop\/tilta-15mm-lws-grundplatte-typ-v-schwarz\/"},"modified":"2025-12-05T12:14:05","modified_gmt":"2025-12-05T11:14:05","slug":"tiltaing-15mm-lws-baseplate-type-v-black","status":"publish","type":"product","link":"https:\/\/eu.tilta.com\/de\/shop\/tiltaing-15mm-lws-baseplate-type-v-black\/","title":{"rendered":"Tilta 15mm LWS Grundplatte Typ V &#8211; Schwarz"},"content":{"rendered":"<p>Die 15-mm-LWS-Grundplatte bietet eine 15-mm-Stangenhalterung und erm\u00f6glicht die Montage von Zubeh\u00f6r, das auf Stangen basiert, wie z.B. <a href=\"https:\/\/de.tilta.com\/product-category\/matte-boxes\/\">Matteboxen<\/a> und <a href=\"https:\/\/de.tilta.com\/product-category\/lens-control-systems\/\">Follow-Focus-Systeme<\/a>.<\/p>\n<p>Das niedrige Profil dieser Grundplatte wurde speziell f\u00fcr die einzigartige H\u00f6he des Canon C70 entwickelt.<\/p>\n<p>Die Unterseite der Grundplatte l\u00e4sst sich nativ mit unseren <a href=\"https:\/\/de.tilta.com\/shop\/10-lightweight-dovetail-plate-tt-c16\/\">Tilta Standard Dovetails<\/a> oder ARRI Standard Dovetails \u00fcber unsere <a href=\"https:\/\/de.tilta.com\/shop\/19mm-tilta-studio-multi-functional-baseplate-tt-c06-d\/\">Tilta Standard zu Arri Standard Multifunktionsgrundplatte<\/a> verbinden<\/p>\n<p>Diese Grundplatte unterst\u00fctzt auch Schnellwechselplatten von Drittanbietern \u00fcber 1\/4\u2033-20 und 3\/8\u2033-16 Gewinde.<\/p>\n<p>Bitte beachten Sie: Die 15mm LWS Grundplatte Typ V verf\u00fcgt \u00fcber getrennte vordere und hintere Stangenhalterungen, die nicht miteinander verbunden sind.<\/p>\n","protected":false},"excerpt":{"rendered":"<p>Die 15-mm-LWS-Grundplatte bietet eine 15-mm-Stangenhalterung und erm\u00f6glicht die Montage von Zubeh\u00f6r, das auf Stangen basiert, wie z.B. Matteboxen und Follow-Focus-Systeme. Das niedrige Profil dieser Grundplatte wurde speziell f\u00fcr die einzigartige H\u00f6he des Canon C70 entwickelt. Die Unterseite der Grundplatte l\u00e4sst [&hellip;]<\/p>\n","protected":false},"featured_media":1966037,"comment_status":"closed","ping_status":"closed","template":"","meta":[],"product_cat":[1089,1188],"product_tag":[],"acf":[],"gallery_images":[1382456,1382460,1408438],"_links":{"self":[{"href":"https:\/\/eu.tilta.com\/de\/wp-json\/wp\/v2\/product\/1973659"}],"collection":[{"href":"https:\/\/eu.tilta.com\/de\/wp-json\/wp\/v2\/product"}],"about":[{"href":"https:\/\/eu.tilta.com\/de\/wp-json\/wp\/v2\/types\/product"}],"replies":[{"embeddable":true,"href":"https:\/\/eu.tilta.com\/de\/wp-json\/wp\/v2\/comments?post=1973659"}],"wp:featuredmedia":[{"embeddable":true,"href":"https:\/\/eu.tilta.com\/de\/wp-json\/wp\/v2\/media\/1966037"}],"wp:attachment":[{"href":"https:\/\/eu.tilta.com\/de\/wp-json\/wp\/v2\/media?parent=1973659"}],"wp:term":[{"taxonomy":"product_cat","embeddable":true,"href":"https:\/\/eu.tilta.com\/de\/wp-json\/wp\/v2\/product_cat?post=1973659"},{"taxonomy":"product_tag","embeddable":true,"href":"https:\/\/eu.tilta.com\/de\/wp-json\/wp\/v2\/product_tag?post=1973659"}],"curies":[{"name":"wp","href":"https:\/\/api.w.org\/{rel}","templated":true}]}}