{"id":1973664,"date":"2021-04-29T12:13:17","date_gmt":"2021-04-29T10:13:17","guid":{"rendered":"https:\/\/de.tilta.com\/shop\/tilta-15mm-lws-grundplatte-typ-iv\/"},"modified":"2026-05-07T15:13:23","modified_gmt":"2026-05-07T13:13:23","slug":"tiltaing-15mm-lws-baseplate-type-iv","status":"publish","type":"product","link":"https:\/\/eu.tilta.com\/de\/shop\/tiltaing-15mm-lws-baseplate-type-iv\/","title":{"rendered":"Tilta 15mm LWS Grundplatte Typ IV"},"content":{"rendered":"<p>Diese 15-mm-LWS-Grundplatte wird an der Basis des vollst\u00e4ndigen Kamerak\u00e4figs f\u00fcr RED Komodo, Sony FX3, Canon R5C und Panasonic BGH1 befestigt.<\/p>\n<p>Damit k\u00f6nnen Sie an 15mm LWS-Stangen stabbasiertes Zubeh\u00f6r montieren, wie z.B. ein Follow-Focus-System oder Matte-Boxen.<\/p>\n<p>Eine Tilta Schwalbenschwanzaufnahme an der Unterseite der Grundplatte erm\u00f6glicht es Ihnen, Ihr Kamerasystem einfach auf unsere Tilta Standard Schwalbenschw\u00e4nze oder einen ARRI Standard Schwalbenschwanz \u00fcber unsere <a href=\"https:\/\/de.tilta.com\/shop\/19mm-tilta-studio-multi-functional-baseplate-tt-c06-d\/\">Tilta Standard auf Arri Standard Multifunktionsgrundplatte<\/a> zu schieben und zu verriegeln.<\/p>\n<p>1\/4\u2032\u2032-20 und 3\/8\u2032\u2032-16 Gewinde an der Unterseite unterst\u00fctzen fast jede Schnellwechselplatte.<\/p>\n","protected":false},"excerpt":{"rendered":"<p>Diese 15-mm-LWS-Grundplatte wird an der Basis des vollst\u00e4ndigen Kamerak\u00e4figs f\u00fcr RED Komodo, Sony FX3, Canon R5C und Panasonic BGH1 befestigt. Damit k\u00f6nnen Sie an 15mm LWS-Stangen stabbasiertes Zubeh\u00f6r montieren, wie z.B. ein Follow-Focus-System oder Matte-Boxen. Eine Tilta Schwalbenschwanzaufnahme an der [&hellip;]<\/p>\n","protected":false},"featured_media":1966174,"comment_status":"closed","ping_status":"closed","template":"","meta":[],"product_cat":[1088,1096,1124,1125,1071,1188],"product_tag":[],"acf":[],"gallery_images":[1459972,1459973],"_links":{"self":[{"href":"https:\/\/eu.tilta.com\/de\/wp-json\/wp\/v2\/product\/1973664"}],"collection":[{"href":"https:\/\/eu.tilta.com\/de\/wp-json\/wp\/v2\/product"}],"about":[{"href":"https:\/\/eu.tilta.com\/de\/wp-json\/wp\/v2\/types\/product"}],"replies":[{"embeddable":true,"href":"https:\/\/eu.tilta.com\/de\/wp-json\/wp\/v2\/comments?post=1973664"}],"wp:featuredmedia":[{"embeddable":true,"href":"https:\/\/eu.tilta.com\/de\/wp-json\/wp\/v2\/media\/1966174"}],"wp:attachment":[{"href":"https:\/\/eu.tilta.com\/de\/wp-json\/wp\/v2\/media?parent=1973664"}],"wp:term":[{"taxonomy":"product_cat","embeddable":true,"href":"https:\/\/eu.tilta.com\/de\/wp-json\/wp\/v2\/product_cat?post=1973664"},{"taxonomy":"product_tag","embeddable":true,"href":"https:\/\/eu.tilta.com\/de\/wp-json\/wp\/v2\/product_tag?post=1973664"}],"curies":[{"name":"wp","href":"https:\/\/api.w.org\/{rel}","templated":true}]}}