{"id":1973681,"date":"2021-04-15T10:31:23","date_gmt":"2021-04-15T08:31:23","guid":{"rendered":"https:\/\/de.tilta.com\/shop\/p-tap-auf-2-pin-lemo-stromkabel-40cm\/"},"modified":"2026-03-24T12:03:01","modified_gmt":"2026-03-24T11:03:01","slug":"p-tap-to-2-pin-lemo-power-cable-40cm","status":"publish","type":"product","link":"https:\/\/eu.tilta.com\/de\/shop\/p-tap-to-2-pin-lemo-power-cable-40cm\/","title":{"rendered":"P-TAP auf 2-Pin Lemo Stromkabel (40cm)"},"content":{"rendered":"<p>Mit diesem P-Tap-auf-2-Pin-Lemo-Stromkabel k\u00f6nnen Sie 2-Pin-Lemo-basiertes Zubeh\u00f6r \u00fcber einen P-Tap-Stromanschluss an Ihrem Kamera-Rig oder Gold\/V-Mount-Akku mit Strom versorgen.  <\/p>\n<p>Damit k\u00f6nnen Sie die Stromversorgungs-Basisplatte f\u00fcr RS2 allein mit Strom versorgen oder an das Hydra Alien- oder Float-System anschlie\u00dfen.  <\/p>\n<p>Damit k\u00f6nnen Sie auch zus\u00e4tzliches Zubeh\u00f6r wie Monitore oder drahtlose Videosender mit Strom versorgen.  <\/p>\n<p>Wenn Sie mehrere Zubeh\u00f6rteile mit einem einzigen Gold\/V-Mount-Akku statt mit kleinen Einzelbatterien betreiben, k\u00f6nnen Sie Ihr Kamerasystem kompakt halten und den Austausch von Batterien auf ein Minimum beschr\u00e4nken.  <\/p>\n","protected":false},"excerpt":{"rendered":"<p>Mit diesem P-Tap-auf-2-Pin-Lemo-Stromkabel k\u00f6nnen Sie 2-Pin-Lemo-basiertes Zubeh\u00f6r \u00fcber einen P-Tap-Stromanschluss an Ihrem Kamera-Rig oder Gold\/V-Mount-Akku mit Strom versorgen. Damit k\u00f6nnen Sie die Stromversorgungs-Basisplatte f\u00fcr RS2 allein mit Strom versorgen oder an das Hydra Alien- oder Float-System anschlie\u00dfen. Damit k\u00f6nnen Sie [&hellip;]<\/p>\n","protected":false},"featured_media":1965695,"comment_status":"closed","ping_status":"closed","template":"","meta":[],"product_cat":[1240],"product_tag":[],"acf":[],"gallery_images":[1210903],"_links":{"self":[{"href":"https:\/\/eu.tilta.com\/de\/wp-json\/wp\/v2\/product\/1973681"}],"collection":[{"href":"https:\/\/eu.tilta.com\/de\/wp-json\/wp\/v2\/product"}],"about":[{"href":"https:\/\/eu.tilta.com\/de\/wp-json\/wp\/v2\/types\/product"}],"replies":[{"embeddable":true,"href":"https:\/\/eu.tilta.com\/de\/wp-json\/wp\/v2\/comments?post=1973681"}],"wp:featuredmedia":[{"embeddable":true,"href":"https:\/\/eu.tilta.com\/de\/wp-json\/wp\/v2\/media\/1965695"}],"wp:attachment":[{"href":"https:\/\/eu.tilta.com\/de\/wp-json\/wp\/v2\/media?parent=1973681"}],"wp:term":[{"taxonomy":"product_cat","embeddable":true,"href":"https:\/\/eu.tilta.com\/de\/wp-json\/wp\/v2\/product_cat?post=1973681"},{"taxonomy":"product_tag","embeddable":true,"href":"https:\/\/eu.tilta.com\/de\/wp-json\/wp\/v2\/product_tag?post=1973681"}],"curies":[{"name":"wp","href":"https:\/\/api.w.org\/{rel}","templated":true}]}}