{"id":1973683,"date":"2021-03-24T16:46:01","date_gmt":"2021-03-24T15:46:01","guid":{"rendered":"https:\/\/de.tilta.com\/shop\/fernbedienungs-empfaengermodul-fuer-rs-2\/"},"modified":"2026-05-07T15:21:09","modified_gmt":"2026-05-07T13:21:09","slug":"remote-control-receiver-module-for-rs-2","status":"publish","type":"product","link":"https:\/\/eu.tilta.com\/de\/shop\/remote-control-receiver-module-for-rs-2\/","title":{"rendered":"Fernbedienungs-Empf\u00e4ngermodul f\u00fcr DJI Ronin"},"content":{"rendered":"<div class=\"overview-text\">\n<p>Dieses Fernsteuerungs-Empf\u00e4ngermodul f\u00fcr DJI Ronin l\u00e4sst sich mit dem Fernsteuerungs-Kit und anderen Controllern wie dem Float Controller und dem Fernsteuerungs-Handgriff kombinieren.<\/p>\n<p>Damit k\u00f6nnen Sie den Gimbal, die Kamera und den drahtlosen DJI-Objektivsteuerungsmotor \u00fcber eine kabelgebundene oder drahtlose Verbindung steuern.<\/p>\n<p>Kompatibel mit dem DJI RS2, RS3 Pro, RS4\/4 Pro.<\/p>\n<\/div>\n","protected":false},"excerpt":{"rendered":"<p>Dieses Fernsteuerungs-Empf\u00e4ngermodul f\u00fcr DJI Ronin l\u00e4sst sich mit dem Fernsteuerungs-Kit und anderen Controllern wie dem Float Controller und dem Fernsteuerungs-Handgriff kombinieren. Damit k\u00f6nnen Sie den Gimbal, die Kamera und den drahtlosen DJI-Objektivsteuerungsmotor \u00fcber eine kabelgebundene oder drahtlose Verbindung steuern. Kompatibel [&hellip;]<\/p>\n","protected":false},"featured_media":1965324,"comment_status":"closed","ping_status":"closed","template":"","meta":[],"product_cat":[1057,1049,1278,1138,1139],"product_tag":[],"acf":[],"gallery_images":[1102764,1102765,1102766],"_links":{"self":[{"href":"https:\/\/eu.tilta.com\/de\/wp-json\/wp\/v2\/product\/1973683"}],"collection":[{"href":"https:\/\/eu.tilta.com\/de\/wp-json\/wp\/v2\/product"}],"about":[{"href":"https:\/\/eu.tilta.com\/de\/wp-json\/wp\/v2\/types\/product"}],"replies":[{"embeddable":true,"href":"https:\/\/eu.tilta.com\/de\/wp-json\/wp\/v2\/comments?post=1973683"}],"wp:featuredmedia":[{"embeddable":true,"href":"https:\/\/eu.tilta.com\/de\/wp-json\/wp\/v2\/media\/1965324"}],"wp:attachment":[{"href":"https:\/\/eu.tilta.com\/de\/wp-json\/wp\/v2\/media?parent=1973683"}],"wp:term":[{"taxonomy":"product_cat","embeddable":true,"href":"https:\/\/eu.tilta.com\/de\/wp-json\/wp\/v2\/product_cat?post=1973683"},{"taxonomy":"product_tag","embeddable":true,"href":"https:\/\/eu.tilta.com\/de\/wp-json\/wp\/v2\/product_tag?post=1973683"}],"curies":[{"name":"wp","href":"https:\/\/api.w.org\/{rel}","templated":true}]}}