{"id":1973691,"date":"2021-03-29T14:40:19","date_gmt":"2021-03-29T12:40:19","guid":{"rendered":"https:\/\/de.tilta.com\/shop\/tilta-sony-a7c-kit-a\/"},"modified":"2026-05-07T15:21:59","modified_gmt":"2026-05-07T13:21:59","slug":"tiltaing-sony-a7c-kit-a","status":"publish","type":"product","link":"https:\/\/eu.tilta.com\/de\/shop\/tiltaing-sony-a7c-kit-a\/","title":{"rendered":"Tilta Sony a7C Kit A"},"content":{"rendered":"<p><span style=\"font-weight: 400\">Dieser Kamerak\u00e4fig bietet eine vollst\u00e4ndige Schutzh\u00fclle f\u00fcr die Sony a7C Kamera.  <\/span><\/p>\n<p><span style=\"font-weight: 400\">Er bietet mehrere 1\/4&#8243;-20 Befestigungspunkte, zwei Befestigungspunkte f\u00fcr den kalten Schuh sowie einen Anschluss f\u00fcr die Rutenbefestigung, der unsere Einzelrutenhalter unterst\u00fctzt.  <\/span><\/p>\n<p><span style=\"font-weight: 400\">Damit k\u00f6nnen Sie ganz einfach eine 15-mm-Stange an Ihrem K\u00e4fig befestigen.  <\/span><\/p>\n<p><span style=\"font-weight: 400\">Die Basis des K\u00e4figs bietet au\u00dferdem mehrere Befestigungspunkte, wenn Sie Ihre Kamera an Gimbals befestigen, um die Balance Ihres Setups leichter einzustellen.<\/span><\/p>\n<p><span style=\"font-weight: 400\">An der Unterseite des K\u00e4figs kann eine Vielzahl verschiedener Grundplatten mit \u00bc&#8221;-20-Gewinde befestigt werden, so dass verschiedene Stangenbefestigungen und optionale Stromversorgungskonfigurationen m\u00f6glich sind.  <\/span><\/p>\n<p><span style=\"font-weight: 400\">Der K\u00e4fig unterst\u00fctzt auch unsere 15-mm-LWS-Grundplatte und mit der mitgelieferten Manfrotto-Schnellwechselplatte k\u00f6nnen Sie diesen K\u00e4fig ganz einfach an jedem Manfrotto-Empf\u00e4nger befestigen.  <\/span><\/p>\n<p><span style=\"font-weight: 400\">Der mitgelieferte Quick Release Top Handle und verschiedene optionale Seitengriffe k\u00f6nnen am K\u00e4fig befestigt werden, um verschiedene M\u00f6glichkeiten zur bequemen Bedienung Ihrer Kameraeinrichtung zu bieten.<\/span><\/p>\n","protected":false},"excerpt":{"rendered":"<p>Dieser Kamerak\u00e4fig bietet eine vollst\u00e4ndige Schutzh\u00fclle f\u00fcr die Sony a7C Kamera. Er bietet mehrere 1\/4&#8243;-20 Befestigungspunkte, zwei Befestigungspunkte f\u00fcr den kalten Schuh sowie einen Anschluss f\u00fcr die Rutenbefestigung, der unsere Einzelrutenhalter unterst\u00fctzt. Damit k\u00f6nnen Sie ganz einfach eine 15-mm-Stange an [&hellip;]<\/p>\n","protected":false},"featured_media":1965456,"comment_status":"closed","ping_status":"closed","template":"","meta":[],"product_cat":[1126],"product_tag":[],"acf":[],"gallery_images":[1118045,1118046],"_links":{"self":[{"href":"https:\/\/eu.tilta.com\/de\/wp-json\/wp\/v2\/product\/1973691"}],"collection":[{"href":"https:\/\/eu.tilta.com\/de\/wp-json\/wp\/v2\/product"}],"about":[{"href":"https:\/\/eu.tilta.com\/de\/wp-json\/wp\/v2\/types\/product"}],"replies":[{"embeddable":true,"href":"https:\/\/eu.tilta.com\/de\/wp-json\/wp\/v2\/comments?post=1973691"}],"wp:featuredmedia":[{"embeddable":true,"href":"https:\/\/eu.tilta.com\/de\/wp-json\/wp\/v2\/media\/1965456"}],"wp:attachment":[{"href":"https:\/\/eu.tilta.com\/de\/wp-json\/wp\/v2\/media?parent=1973691"}],"wp:term":[{"taxonomy":"product_cat","embeddable":true,"href":"https:\/\/eu.tilta.com\/de\/wp-json\/wp\/v2\/product_cat?post=1973691"},{"taxonomy":"product_tag","embeddable":true,"href":"https:\/\/eu.tilta.com\/de\/wp-json\/wp\/v2\/product_tag?post=1973691"}],"curies":[{"name":"wp","href":"https:\/\/api.w.org\/{rel}","templated":true}]}}