{"id":1973692,"date":"2021-03-29T14:29:27","date_gmt":"2021-03-29T12:29:27","guid":{"rendered":"https:\/\/de.tilta.com\/shop\/vollstaendiger-kamerakaefig-fuer-sony-a7c\/"},"modified":"2025-12-05T12:14:37","modified_gmt":"2025-12-05T11:14:37","slug":"full-camera-cage-for-sony-a7c","status":"publish","type":"product","link":"https:\/\/eu.tilta.com\/de\/shop\/full-camera-cage-for-sony-a7c\/","title":{"rendered":"Vollst\u00e4ndiger Kamerak\u00e4fig f\u00fcr Sony a7C"},"content":{"rendered":"<p><span style=\"font-weight: 400\">Dieser &#8220;vollst\u00e4ndige&#8221; Kamerak\u00e4fig bietet eine komplette Schutzh\u00fclle f\u00fcr die Sony a7C Kamera.  <\/span><\/p>\n<p><span style=\"font-weight: 400\">Er bietet mehrere 1\/4&#8243;-20 Befestigungspunkte, zwei Befestigungspunkte f\u00fcr den kalten Schuh sowie einen Anschluss f\u00fcr die Rutenbefestigung, der unsere Einzelrutenhalter unterst\u00fctzt.  <\/span><\/p>\n<p><span style=\"font-weight: 400\">Damit k\u00f6nnen Sie ganz einfach eine 15-mm-Stange an Ihrem K\u00e4fig befestigen.  <\/span><\/p>\n<p><span style=\"font-weight: 400\">Die Basis des K\u00e4figs bietet au\u00dferdem mehrere Befestigungspunkte, wenn Sie Ihre Kamera an Gimbals befestigen, um die Balance Ihres Setups leichter einzustellen.<\/span><\/p>\n<p><span style=\"font-weight: 400\">An der Unterseite des K\u00e4figs kann eine Vielzahl verschiedener Grundplatten mit \u00bc&#8221;-20-Gewinde befestigt werden, so dass verschiedene Stangenbefestigungen und optionale Stromversorgungskonfigurationen m\u00f6glich sind.  <\/span><\/p>\n<p><span style=\"font-weight: 400\">Der K\u00e4fig unterst\u00fctzt auch unsere 15-mm-LWS-Grundplatte und mit der mitgelieferten Manfrotto-Schnellwechselplatte k\u00f6nnen Sie diesen K\u00e4fig ganz einfach an jedem Manfrotto-Empf\u00e4nger befestigen.  <\/span><\/p>\n<p><span style=\"font-weight: 400\">Der optionale Quick Release Top Handle und verschiedene andere seitliche Griffe k\u00f6nnen am K\u00e4fig befestigt werden und bieten viele M\u00f6glichkeiten, Ihre Kamera bequem zu bedienen.  <\/span><\/p>\n","protected":false},"excerpt":{"rendered":"<p>Dieser &#8220;vollst\u00e4ndige&#8221; Kamerak\u00e4fig bietet eine komplette Schutzh\u00fclle f\u00fcr die Sony a7C Kamera. Er bietet mehrere 1\/4&#8243;-20 Befestigungspunkte, zwei Befestigungspunkte f\u00fcr den kalten Schuh sowie einen Anschluss f\u00fcr die Rutenbefestigung, der unsere Einzelrutenhalter unterst\u00fctzt. Damit k\u00f6nnen Sie ganz einfach eine 15-mm-Stange [&hellip;]<\/p>\n","protected":false},"featured_media":1965450,"comment_status":"closed","ping_status":"closed","template":"","meta":[],"product_cat":[1126],"product_tag":[],"acf":[],"gallery_images":[1117873,1117874],"_links":{"self":[{"href":"https:\/\/eu.tilta.com\/de\/wp-json\/wp\/v2\/product\/1973692"}],"collection":[{"href":"https:\/\/eu.tilta.com\/de\/wp-json\/wp\/v2\/product"}],"about":[{"href":"https:\/\/eu.tilta.com\/de\/wp-json\/wp\/v2\/types\/product"}],"replies":[{"embeddable":true,"href":"https:\/\/eu.tilta.com\/de\/wp-json\/wp\/v2\/comments?post=1973692"}],"wp:featuredmedia":[{"embeddable":true,"href":"https:\/\/eu.tilta.com\/de\/wp-json\/wp\/v2\/media\/1965450"}],"wp:attachment":[{"href":"https:\/\/eu.tilta.com\/de\/wp-json\/wp\/v2\/media?parent=1973692"}],"wp:term":[{"taxonomy":"product_cat","embeddable":true,"href":"https:\/\/eu.tilta.com\/de\/wp-json\/wp\/v2\/product_cat?post=1973692"},{"taxonomy":"product_tag","embeddable":true,"href":"https:\/\/eu.tilta.com\/de\/wp-json\/wp\/v2\/product_tag?post=1973692"}],"curies":[{"name":"wp","href":"https:\/\/api.w.org\/{rel}","templated":true}]}}