{"id":1973693,"date":"2021-03-22T16:17:18","date_gmt":"2021-03-22T15:17:18","guid":{"rendered":"https:\/\/de.tilta.com\/shop\/kabellose-video-halterung-fuer-sony-fx6\/"},"modified":"2025-12-05T12:14:38","modified_gmt":"2025-12-05T11:14:38","slug":"wireless-video-mounting-bracket-for-sony-fx6","status":"publish","type":"product","link":"https:\/\/eu.tilta.com\/de\/shop\/wireless-video-mounting-bracket-for-sony-fx6\/","title":{"rendered":"Kabellose Video-Halterung f\u00fcr Sony FX6"},"content":{"rendered":"<p>Mit dieser Halterung f\u00fcr drahtlose Videos k\u00f6nnen Sie verschiedene drahtlose Videosender \u00fcber eine Halterung mit 90 Grad 1\/4\u2033-20-Gewinde montieren.<\/p>\n<p>Dies erm\u00f6glicht eine saubere und bequeme Montage von drahtlosen Videosendern und anderem \u00e4hnlichen Zubeh\u00f6r.<\/p>\n","protected":false},"excerpt":{"rendered":"<p>Mit dieser Halterung f\u00fcr drahtlose Videos k\u00f6nnen Sie verschiedene drahtlose Videosender \u00fcber eine Halterung mit 90 Grad 1\/4\u2033-20-Gewinde montieren. Dies erm\u00f6glicht eine saubere und bequeme Montage von drahtlosen Videosendern und anderem \u00e4hnlichen Zubeh\u00f6r.<\/p>\n","protected":false},"featured_media":1965152,"comment_status":"closed","ping_status":"closed","template":"","meta":[],"product_cat":[3232,1434,1127,1220,1211],"product_tag":[],"acf":[],"gallery_images":[1058522,1058523],"_links":{"self":[{"href":"https:\/\/eu.tilta.com\/de\/wp-json\/wp\/v2\/product\/1973693"}],"collection":[{"href":"https:\/\/eu.tilta.com\/de\/wp-json\/wp\/v2\/product"}],"about":[{"href":"https:\/\/eu.tilta.com\/de\/wp-json\/wp\/v2\/types\/product"}],"replies":[{"embeddable":true,"href":"https:\/\/eu.tilta.com\/de\/wp-json\/wp\/v2\/comments?post=1973693"}],"wp:featuredmedia":[{"embeddable":true,"href":"https:\/\/eu.tilta.com\/de\/wp-json\/wp\/v2\/media\/1965152"}],"wp:attachment":[{"href":"https:\/\/eu.tilta.com\/de\/wp-json\/wp\/v2\/media?parent=1973693"}],"wp:term":[{"taxonomy":"product_cat","embeddable":true,"href":"https:\/\/eu.tilta.com\/de\/wp-json\/wp\/v2\/product_cat?post=1973693"},{"taxonomy":"product_tag","embeddable":true,"href":"https:\/\/eu.tilta.com\/de\/wp-json\/wp\/v2\/product_tag?post=1973693"}],"curies":[{"name":"wp","href":"https:\/\/api.w.org\/{rel}","templated":true}]}}