{"id":1973695,"date":"2021-03-22T15:24:42","date_gmt":"2021-03-22T14:24:42","guid":{"rendered":"https:\/\/de.tilta.com\/shop\/akkuplatte-fuer-sony-fx6\/"},"modified":"2026-04-02T12:39:10","modified_gmt":"2026-04-02T10:39:10","slug":"battery-plate-for-sony-fx6","status":"publish","type":"product","link":"https:\/\/eu.tilta.com\/de\/shop\/battery-plate-for-sony-fx6\/","title":{"rendered":"Akkuplatte f\u00fcr Sony FX6"},"content":{"rendered":"<p><span style=\"font-weight: 400;\">Diese Akkuplatte l\u00e4sst sich schnell in die Batteriekammer der Sony FX6 einbauen und verriegeln und kann durch eine Verbindung mit der Multifunktionsplatte zus\u00e4tzlich gesichert werden.<\/span><\/p>\n<p><span style=\"font-weight: 400;\">So k\u00f6nnen Sie Gold- oder V-Mount-Batterien mit h\u00f6herer Kapazit\u00e4t f\u00fcr die Stromversorgung Ihrer Kamera verwenden und den Austausch von Batterien auf ein Minimum beschr\u00e4nken.<\/span><\/p>\n<p><span style=\"font-weight: 400;\">*Bitte beachten Sie, dass die Batterieplatte \u00fcber den DC-Anschluss der FX6 angeschlossen werden muss, um Strom zu liefern*.<\/span><\/p>\n","protected":false},"excerpt":{"rendered":"<p>Diese Akkuplatte l\u00e4sst sich schnell in die Batteriekammer der Sony FX6 einbauen und verriegeln und kann durch eine Verbindung mit der Multifunktionsplatte zus\u00e4tzlich gesichert werden. So k\u00f6nnen Sie Gold- oder V-Mount-Batterien mit h\u00f6herer Kapazit\u00e4t f\u00fcr die Stromversorgung Ihrer Kamera verwenden [&hellip;]<\/p>\n","protected":false},"featured_media":3069796,"comment_status":"closed","ping_status":"closed","template":"","meta":[],"product_cat":[1127,1290],"product_tag":[],"acf":[],"gallery_images":[2250215,2250221,2250209],"_links":{"self":[{"href":"https:\/\/eu.tilta.com\/de\/wp-json\/wp\/v2\/product\/1973695"}],"collection":[{"href":"https:\/\/eu.tilta.com\/de\/wp-json\/wp\/v2\/product"}],"about":[{"href":"https:\/\/eu.tilta.com\/de\/wp-json\/wp\/v2\/types\/product"}],"replies":[{"embeddable":true,"href":"https:\/\/eu.tilta.com\/de\/wp-json\/wp\/v2\/comments?post=1973695"}],"wp:featuredmedia":[{"embeddable":true,"href":"https:\/\/eu.tilta.com\/de\/wp-json\/wp\/v2\/media\/3069796"}],"wp:attachment":[{"href":"https:\/\/eu.tilta.com\/de\/wp-json\/wp\/v2\/media?parent=1973695"}],"wp:term":[{"taxonomy":"product_cat","embeddable":true,"href":"https:\/\/eu.tilta.com\/de\/wp-json\/wp\/v2\/product_cat?post=1973695"},{"taxonomy":"product_tag","embeddable":true,"href":"https:\/\/eu.tilta.com\/de\/wp-json\/wp\/v2\/product_tag?post=1973695"}],"curies":[{"name":"wp","href":"https:\/\/api.w.org\/{rel}","templated":true}]}}