{"id":1973698,"date":"2021-03-22T16:03:04","date_gmt":"2021-03-22T15:03:04","guid":{"rendered":"https:\/\/de.tilta.com\/shop\/oberer-handgriff-fuer-sony-fx6\/"},"modified":"2026-05-07T15:21:13","modified_gmt":"2026-05-07T13:21:13","slug":"top-handle-for-sony-fx6","status":"publish","type":"product","link":"https:\/\/eu.tilta.com\/de\/shop\/top-handle-for-sony-fx6\/","title":{"rendered":"Oberer Handgriff f\u00fcr Sony FX6"},"content":{"rendered":"<p>Dieser obere Handgriff f\u00fcr die Sony FX6 ersetzt den originalen oberen Handgriff der Fx6 und kann nach vorne und hinten verstellt werden, um die Balance zu halten. Dieser Handgriff enth\u00e4lt auch eine Monitorhalterung f\u00fcr die LCD-Monitorhalterung der FX6 und eine 15-mm-Stabhalterung f\u00fcr einen EVF.<\/p>\n","protected":false},"excerpt":{"rendered":"<p>Dieser obere Handgriff f\u00fcr die Sony FX6 ersetzt den originalen oberen Handgriff der Fx6 und kann nach vorne und hinten verstellt werden, um die Balance zu halten. Dieser Handgriff enth\u00e4lt auch eine Monitorhalterung f\u00fcr die LCD-Monitorhalterung der FX6 und eine [&hellip;]<\/p>\n","protected":false},"featured_media":1965142,"comment_status":"closed","ping_status":"closed","template":"","meta":[],"product_cat":[1127],"product_tag":[],"acf":[],"gallery_images":[1058427],"_links":{"self":[{"href":"https:\/\/eu.tilta.com\/de\/wp-json\/wp\/v2\/product\/1973698"}],"collection":[{"href":"https:\/\/eu.tilta.com\/de\/wp-json\/wp\/v2\/product"}],"about":[{"href":"https:\/\/eu.tilta.com\/de\/wp-json\/wp\/v2\/types\/product"}],"replies":[{"embeddable":true,"href":"https:\/\/eu.tilta.com\/de\/wp-json\/wp\/v2\/comments?post=1973698"}],"wp:featuredmedia":[{"embeddable":true,"href":"https:\/\/eu.tilta.com\/de\/wp-json\/wp\/v2\/media\/1965142"}],"wp:attachment":[{"href":"https:\/\/eu.tilta.com\/de\/wp-json\/wp\/v2\/media?parent=1973698"}],"wp:term":[{"taxonomy":"product_cat","embeddable":true,"href":"https:\/\/eu.tilta.com\/de\/wp-json\/wp\/v2\/product_cat?post=1973698"},{"taxonomy":"product_tag","embeddable":true,"href":"https:\/\/eu.tilta.com\/de\/wp-json\/wp\/v2\/product_tag?post=1973698"}],"curies":[{"name":"wp","href":"https:\/\/api.w.org\/{rel}","templated":true}]}}