{"id":1973701,"date":"2021-03-22T15:54:04","date_gmt":"2021-03-22T14:54:04","guid":{"rendered":"https:\/\/de.tilta.com\/shop\/15mm-einzelstabhalterung-fuer-sony-fx6-paar\/"},"modified":"2025-12-05T12:14:43","modified_gmt":"2025-12-05T11:14:43","slug":"15mm-single-rod-holder-for-sony-fx6-pair","status":"publish","type":"product","link":"https:\/\/eu.tilta.com\/de\/shop\/15mm-single-rod-holder-for-sony-fx6-pair\/","title":{"rendered":"15mm Einzelstabhalterung f\u00fcr Sony FX6 (Paar)"},"content":{"rendered":"<p>Dieses Paar 15-mm-Einzelstangenhalter wird an der Multifunktions-Aufsatzplatte f\u00fcr Sony FX6 befestigt und erm\u00f6glicht Ihnen die Montage von Zubeh\u00f6r von oben, entweder vor oder hinter Ihrem Kamerageh\u00e4use.<\/p>\n","protected":false},"excerpt":{"rendered":"<p>Dieses Paar 15-mm-Einzelstangenhalter wird an der Multifunktions-Aufsatzplatte f\u00fcr Sony FX6 befestigt und erm\u00f6glicht Ihnen die Montage von Zubeh\u00f6r von oben, entweder vor oder hinter Ihrem Kamerageh\u00e4use.<\/p>\n","protected":false},"featured_media":1965139,"comment_status":"closed","ping_status":"closed","template":"","meta":[],"product_cat":[1127],"product_tag":[],"acf":[],"gallery_images":[1058360],"_links":{"self":[{"href":"https:\/\/eu.tilta.com\/de\/wp-json\/wp\/v2\/product\/1973701"}],"collection":[{"href":"https:\/\/eu.tilta.com\/de\/wp-json\/wp\/v2\/product"}],"about":[{"href":"https:\/\/eu.tilta.com\/de\/wp-json\/wp\/v2\/types\/product"}],"replies":[{"embeddable":true,"href":"https:\/\/eu.tilta.com\/de\/wp-json\/wp\/v2\/comments?post=1973701"}],"wp:featuredmedia":[{"embeddable":true,"href":"https:\/\/eu.tilta.com\/de\/wp-json\/wp\/v2\/media\/1965139"}],"wp:attachment":[{"href":"https:\/\/eu.tilta.com\/de\/wp-json\/wp\/v2\/media?parent=1973701"}],"wp:term":[{"taxonomy":"product_cat","embeddable":true,"href":"https:\/\/eu.tilta.com\/de\/wp-json\/wp\/v2\/product_cat?post=1973701"},{"taxonomy":"product_tag","embeddable":true,"href":"https:\/\/eu.tilta.com\/de\/wp-json\/wp\/v2\/product_tag?post=1973701"}],"curies":[{"name":"wp","href":"https:\/\/api.w.org\/{rel}","templated":true}]}}