{"id":1973704,"date":"2021-03-22T15:43:46","date_gmt":"2021-03-22T14:43:46","guid":{"rendered":"https:\/\/de.tilta.com\/shop\/quick-release-baseplate-fuer-sony-fx6\/"},"modified":"2025-12-05T12:14:46","modified_gmt":"2025-12-05T11:14:46","slug":"quick-release-baseplate-for-sony-fx6","status":"publish","type":"product","link":"https:\/\/eu.tilta.com\/de\/shop\/quick-release-baseplate-for-sony-fx6\/","title":{"rendered":"Quick Release Baseplate f\u00fcr Sony FX6"},"content":{"rendered":"<p>An dieser Grundplatte f\u00fcr Sony FX6 k\u00f6nnen Sie au\u00dferdem diverses Zubeh\u00f6r \u00fcber 15-mm-LWS-Stangen entweder an der Vorder- oder R\u00fcckseite der Grundplatte befestigen.<\/p>\n<p>Die Dual Arri Rosetten erm\u00f6glichen die Montage von zus\u00e4tzlichem Zubeh\u00f6r wie verl\u00e4ngerten Armen oder Griffen f\u00fcr handgef\u00fchrte Aufnahmen.<\/p>\n<p>Die Grundplatte l\u00e4sst sich nativ mit unseren Tilta Standard-Schwalbenschw\u00e4nzen verbinden und kann \u00fcber unsere Multifunktions-Grundplatte von Tilta Standard auf Arri Standard umgestellt werden.<\/p>\n<p>Auf der Vorderseite der Platte ist au\u00dferdem eine Halterung f\u00fcr einen Objektivadapter integriert.<\/p>\n<p><strong>WARNUNG: Die Rosettenhalterung auf der Grundplatte muss m\u00f6glicherweise entfernt werden, um zus\u00e4tzlichen Platz f\u00fcr den Sony FX6 Seitengriff zu schaffen.  <\/strong><\/p>\n<p><strong>Bitte gehen Sie beim Drehen des Griffs vorsichtig vor, um ihn nicht am K\u00e4fig zu verkratzen, und entfernen Sie bei Bedarf die Rosettenhalterung.  <\/strong><\/p>\n","protected":false},"excerpt":{"rendered":"<p>An dieser Grundplatte f\u00fcr Sony FX6 k\u00f6nnen Sie au\u00dferdem diverses Zubeh\u00f6r \u00fcber 15-mm-LWS-Stangen entweder an der Vorder- oder R\u00fcckseite der Grundplatte befestigen. Die Dual Arri Rosetten erm\u00f6glichen die Montage von zus\u00e4tzlichem Zubeh\u00f6r wie verl\u00e4ngerten Armen oder Griffen f\u00fcr handgef\u00fchrte Aufnahmen. [&hellip;]<\/p>\n","protected":false},"featured_media":1965135,"comment_status":"closed","ping_status":"closed","template":"","meta":[],"product_cat":[1127,1188],"product_tag":[],"acf":[],"gallery_images":[1058290,1939424,1058292],"_links":{"self":[{"href":"https:\/\/eu.tilta.com\/de\/wp-json\/wp\/v2\/product\/1973704"}],"collection":[{"href":"https:\/\/eu.tilta.com\/de\/wp-json\/wp\/v2\/product"}],"about":[{"href":"https:\/\/eu.tilta.com\/de\/wp-json\/wp\/v2\/types\/product"}],"replies":[{"embeddable":true,"href":"https:\/\/eu.tilta.com\/de\/wp-json\/wp\/v2\/comments?post=1973704"}],"wp:featuredmedia":[{"embeddable":true,"href":"https:\/\/eu.tilta.com\/de\/wp-json\/wp\/v2\/media\/1965135"}],"wp:attachment":[{"href":"https:\/\/eu.tilta.com\/de\/wp-json\/wp\/v2\/media?parent=1973704"}],"wp:term":[{"taxonomy":"product_cat","embeddable":true,"href":"https:\/\/eu.tilta.com\/de\/wp-json\/wp\/v2\/product_cat?post=1973704"},{"taxonomy":"product_tag","embeddable":true,"href":"https:\/\/eu.tilta.com\/de\/wp-json\/wp\/v2\/product_tag?post=1973704"}],"curies":[{"name":"wp","href":"https:\/\/api.w.org\/{rel}","templated":true}]}}