{"id":1973705,"date":"2021-03-22T15:37:34","date_gmt":"2021-03-22T14:37:34","guid":{"rendered":"https:\/\/de.tilta.com\/shop\/multifunktionale-aufsatzplatte-fuer-sony-fx6\/"},"modified":"2026-02-19T12:33:11","modified_gmt":"2026-02-19T11:33:11","slug":"multi-functional-top-plate-for-sony-fx6","status":"publish","type":"product","link":"https:\/\/eu.tilta.com\/de\/shop\/multi-functional-top-plate-for-sony-fx6\/","title":{"rendered":"Multifunktionale Aufsatzplatte f\u00fcr Sony FX6"},"content":{"rendered":"<p>Diese Top Plate passt genau um den originalen oberen Griff des FX6 und unterst\u00fctzt unseren optionalen oberen Griff f\u00fcr FX6.<\/p>\n<p>Diese Top Plate enth\u00e4lt au\u00dferdem zwei 15-mm-LWS-Stangenadapter, mit denen Sie Zubeh\u00f6r ganz einfach von oben, entweder vor oder hinter Ihrem Kamerageh\u00e4use, befestigen k\u00f6nnen.<\/p>\n","protected":false},"excerpt":{"rendered":"<p>Diese Top Plate passt genau um den originalen oberen Griff des FX6 und unterst\u00fctzt unseren optionalen oberen Griff f\u00fcr FX6. Diese Top Plate enth\u00e4lt au\u00dferdem zwei 15-mm-LWS-Stangenadapter, mit denen Sie Zubeh\u00f6r ganz einfach von oben, entweder vor oder hinter Ihrem [&hellip;]<\/p>\n","protected":false},"featured_media":1965132,"comment_status":"closed","ping_status":"closed","template":"","meta":[],"product_cat":[1127],"product_tag":[],"acf":[],"gallery_images":[1058272,1058276],"_links":{"self":[{"href":"https:\/\/eu.tilta.com\/de\/wp-json\/wp\/v2\/product\/1973705"}],"collection":[{"href":"https:\/\/eu.tilta.com\/de\/wp-json\/wp\/v2\/product"}],"about":[{"href":"https:\/\/eu.tilta.com\/de\/wp-json\/wp\/v2\/types\/product"}],"replies":[{"embeddable":true,"href":"https:\/\/eu.tilta.com\/de\/wp-json\/wp\/v2\/comments?post=1973705"}],"wp:featuredmedia":[{"embeddable":true,"href":"https:\/\/eu.tilta.com\/de\/wp-json\/wp\/v2\/media\/1965132"}],"wp:attachment":[{"href":"https:\/\/eu.tilta.com\/de\/wp-json\/wp\/v2\/media?parent=1973705"}],"wp:term":[{"taxonomy":"product_cat","embeddable":true,"href":"https:\/\/eu.tilta.com\/de\/wp-json\/wp\/v2\/product_cat?post=1973705"},{"taxonomy":"product_tag","embeddable":true,"href":"https:\/\/eu.tilta.com\/de\/wp-json\/wp\/v2\/product_tag?post=1973705"}],"curies":[{"name":"wp","href":"https:\/\/api.w.org\/{rel}","templated":true}]}}