{"id":1973718,"date":"2021-03-19T10:13:42","date_gmt":"2021-03-19T09:13:42","guid":{"rendered":"https:\/\/de.tilta.com\/shop\/kamerakaefig-fuer-sony-fx6-basic-kit-ohne-batterieplatte\/"},"modified":"2025-12-26T16:19:53","modified_gmt":"2025-12-26T15:19:53","slug":"camera-cage-for-sony-fx6-basic-kit-without-battery-plate","status":"publish","type":"product","link":"https:\/\/eu.tilta.com\/de\/shop\/camera-cage-for-sony-fx6-basic-kit-without-battery-plate\/","title":{"rendered":"Kamerak\u00e4fig f\u00fcr Sony FX6 Basic Kit (ohne Batterieplatte)"},"content":{"rendered":"<p>Bewaffnen Sie Ihre Kamera mit dem Tilta Kamerak\u00e4fig f\u00fcr Sony FX6 Basic Kit.<\/p>\n<p>Die Multifunktions-Aufsatzplatte f\u00fcr die Sony FX6 passt genau auf den originalen oberen Handgriff der FX6 und unterst\u00fctzt unseren optionalen oberen Handgriff f\u00fcr die FX6, der f\u00fcr die Balance eingestellt werden kann und eine Monitorhalterung f\u00fcr die LCD-Monitorhalterung der FX6 enth\u00e4lt.<\/p>\n<p>Die Top Plate enth\u00e4lt au\u00dferdem zwei 15-mm-LWS-Stangenadapter, mit denen Sie Zubeh\u00f6r ganz einfach \u00fcber 15-mm-Stangen \u00fcber Ihrem Objektiv befestigen k\u00f6nnen.<\/p>\n<p>Die Quick Release Baseplate f\u00fcr Sony FX6 erm\u00f6glicht es Ihnen au\u00dferdem, diverses Zubeh\u00f6r \u00fcber 15-mm-LWS-Stangen entweder an der Vorder- oder R\u00fcckseite der Baseplate zu befestigen.<\/p>\n<p>Die Dual Arri Rosetten erm\u00f6glichen die Montage von zus\u00e4tzlichem Zubeh\u00f6r wie verl\u00e4ngerten Armen oder Griffen f\u00fcr handgef\u00fchrte Aufnahmen.<\/p>\n<p>Die Grundplatte l\u00e4sst sich nativ mit unseren Tilta Standard-Schwalbenschw\u00e4nzen verbinden und kann \u00fcber unsere Multifunktions-Grundplatte von Tilta Standard auf Arri Standard umgestellt werden.<\/p>\n<p>Auf der Vorderseite der Platte ist au\u00dferdem eine Halterung f\u00fcr einen Objektivadapter integriert.<\/p>\n<p>Der Seitenarm f\u00fcr Sony FX6 bietet noch mehr Schutz und verf\u00fcgt \u00fcber mehrere 1\/4\u2033-20 und 3\/8\u2033-16 Befestigungspunkte mit Gewinden f\u00fcr verschiedene Fixierstifte, damit Sie eine Vielzahl von Zubeh\u00f6r montieren k\u00f6nnen.<\/p>\n<p>Der Seitenarm enth\u00e4lt au\u00dferdem einen Platz f\u00fcr 3 wiederverwendbare Kamera-Indexaufkleber, mit denen Sie die Position Ihrer Kamera in Umgebungen mit mehreren Kameras professionell und deutlich kennzeichnen k\u00f6nnen.<\/p>\n<p><strong>WARNUNG: Die Rosettenhalterung auf der Grundplatte muss m\u00f6glicherweise entfernt werden, um zus\u00e4tzlichen Platz f\u00fcr den Sony FX6 Seitengriff zu schaffen.  <\/strong><\/p>\n<p><strong>Bitte gehen Sie beim Drehen des Griffs vorsichtig vor, um ihn nicht am K\u00e4fig zu verkratzen, und entfernen Sie bei Bedarf die Rosettenhalterung.  <\/strong><\/p>\n","protected":false},"excerpt":{"rendered":"<p>Bewaffnen Sie Ihre Kamera mit dem Tilta Kamerak\u00e4fig f\u00fcr Sony FX6 Basic Kit. Die Multifunktions-Aufsatzplatte f\u00fcr die Sony FX6 passt genau auf den originalen oberen Handgriff der FX6 und unterst\u00fctzt unseren optionalen oberen Handgriff f\u00fcr die FX6, der f\u00fcr die [&hellip;]<\/p>\n","protected":false},"featured_media":1965087,"comment_status":"closed","ping_status":"closed","template":"","meta":[],"product_cat":[1127],"product_tag":[],"acf":[],"gallery_images":[1047750,1047755],"_links":{"self":[{"href":"https:\/\/eu.tilta.com\/de\/wp-json\/wp\/v2\/product\/1973718"}],"collection":[{"href":"https:\/\/eu.tilta.com\/de\/wp-json\/wp\/v2\/product"}],"about":[{"href":"https:\/\/eu.tilta.com\/de\/wp-json\/wp\/v2\/types\/product"}],"replies":[{"embeddable":true,"href":"https:\/\/eu.tilta.com\/de\/wp-json\/wp\/v2\/comments?post=1973718"}],"wp:featuredmedia":[{"embeddable":true,"href":"https:\/\/eu.tilta.com\/de\/wp-json\/wp\/v2\/media\/1965087"}],"wp:attachment":[{"href":"https:\/\/eu.tilta.com\/de\/wp-json\/wp\/v2\/media?parent=1973718"}],"wp:term":[{"taxonomy":"product_cat","embeddable":true,"href":"https:\/\/eu.tilta.com\/de\/wp-json\/wp\/v2\/product_cat?post=1973718"},{"taxonomy":"product_tag","embeddable":true,"href":"https:\/\/eu.tilta.com\/de\/wp-json\/wp\/v2\/product_tag?post=1973718"}],"curies":[{"name":"wp","href":"https:\/\/api.w.org\/{rel}","templated":true}]}}