{"id":1973734,"date":"2021-02-10T12:07:29","date_gmt":"2021-02-10T11:07:29","guid":{"rendered":"https:\/\/de.tilta.com\/shop\/15mm-einzelstabbefestigung-fuer-manfrotto-extenderplatte\/"},"modified":"2025-12-05T12:15:18","modified_gmt":"2025-12-05T11:15:18","slug":"15mm-single-rod-attachment-for-manfrotto-extender-plate","status":"publish","type":"product","link":"https:\/\/eu.tilta.com\/de\/shop\/15mm-single-rod-attachment-for-manfrotto-extender-plate\/","title":{"rendered":"15mm Einzelstabbefestigung f\u00fcr Manfrotto Extenderplatte"},"content":{"rendered":"<p>Dieser Aufsatz wird auf die Manfrotto Quick Release Extender Plate geklemmt und erm\u00f6glicht es Ihnen, eine einzelne 12mm oder 15mm Stange an Ihrem Setup zu befestigen.<\/p>\n<p>Damit k\u00f6nnen Sie entweder den DJI Focus Motor \u00fcber die 12mm Buchse oder einen Nucleus Nano Motor \u00fcber eine 15mm Stange montieren.<\/p>\n","protected":false},"excerpt":{"rendered":"<p>Dieser Aufsatz wird auf die Manfrotto Quick Release Extender Plate geklemmt und erm\u00f6glicht es Ihnen, eine einzelne 12mm oder 15mm Stange an Ihrem Setup zu befestigen. Damit k\u00f6nnen Sie entweder den DJI Focus Motor \u00fcber die 12mm Buchse oder einen [&hellip;]<\/p>\n","protected":false},"featured_media":1965319,"comment_status":"closed","ping_status":"closed","template":"","meta":[],"product_cat":[1139],"product_tag":[],"acf":[],"gallery_images":[1069349,1069350],"_links":{"self":[{"href":"https:\/\/eu.tilta.com\/de\/wp-json\/wp\/v2\/product\/1973734"}],"collection":[{"href":"https:\/\/eu.tilta.com\/de\/wp-json\/wp\/v2\/product"}],"about":[{"href":"https:\/\/eu.tilta.com\/de\/wp-json\/wp\/v2\/types\/product"}],"replies":[{"embeddable":true,"href":"https:\/\/eu.tilta.com\/de\/wp-json\/wp\/v2\/comments?post=1973734"}],"wp:featuredmedia":[{"embeddable":true,"href":"https:\/\/eu.tilta.com\/de\/wp-json\/wp\/v2\/media\/1965319"}],"wp:attachment":[{"href":"https:\/\/eu.tilta.com\/de\/wp-json\/wp\/v2\/media?parent=1973734"}],"wp:term":[{"taxonomy":"product_cat","embeddable":true,"href":"https:\/\/eu.tilta.com\/de\/wp-json\/wp\/v2\/product_cat?post=1973734"},{"taxonomy":"product_tag","embeddable":true,"href":"https:\/\/eu.tilta.com\/de\/wp-json\/wp\/v2\/product_tag?post=1973734"}],"curies":[{"name":"wp","href":"https:\/\/api.w.org\/{rel}","templated":true}]}}