{"id":1973798,"date":"2021-02-10T11:52:15","date_gmt":"2021-02-10T10:52:15","guid":{"rendered":"https:\/\/de.tilta.com\/shop\/manfrotto-quick-release-extender-platte\/"},"modified":"2025-12-05T12:15:19","modified_gmt":"2025-12-05T11:15:19","slug":"manfrotto-quick-release-extender-plate","status":"publish","type":"product","link":"https:\/\/eu.tilta.com\/de\/shop\/manfrotto-quick-release-extender-plate\/","title":{"rendered":"Manfrotto Quick Release Extender Platte"},"content":{"rendered":"<p>Diese Schnellwechselplatte verl\u00e4ngert die L\u00e4nge einer normalen Manfrotto Schnellwechselplatte, damit Sie Ihre Kamera besser von hinten nach vorne auf Ihrem Gimbal ausbalancieren k\u00f6nnen.<\/p>\n<p>Ein senkrechter Schlitz erm\u00f6glicht es Ihnen, Ihre Kamera f\u00fcr vertikale Aufnahmen vertikal auf dem Gimbal zu montieren.<\/p>\n<p>Kompatibel mit DJI RS2, RSC2, RS3\/3 Pro und RS4\/4 Pro<\/p>\n<p>*Ersetzt die Manfrotto-Platte der Ronin*.<\/p>\n<p>&nbsp;<\/p>\n","protected":false},"excerpt":{"rendered":"<p>Diese Schnellwechselplatte verl\u00e4ngert die L\u00e4nge einer normalen Manfrotto Schnellwechselplatte, damit Sie Ihre Kamera besser von hinten nach vorne auf Ihrem Gimbal ausbalancieren k\u00f6nnen. Ein senkrechter Schlitz erm\u00f6glicht es Ihnen, Ihre Kamera f\u00fcr vertikale Aufnahmen vertikal auf dem Gimbal zu montieren. [&hellip;]<\/p>\n","protected":false},"featured_media":1965313,"comment_status":"closed","ping_status":"closed","template":"","meta":[],"product_cat":[1139],"product_tag":[],"acf":[],"gallery_images":[1069204],"_links":{"self":[{"href":"https:\/\/eu.tilta.com\/de\/wp-json\/wp\/v2\/product\/1973798"}],"collection":[{"href":"https:\/\/eu.tilta.com\/de\/wp-json\/wp\/v2\/product"}],"about":[{"href":"https:\/\/eu.tilta.com\/de\/wp-json\/wp\/v2\/types\/product"}],"replies":[{"embeddable":true,"href":"https:\/\/eu.tilta.com\/de\/wp-json\/wp\/v2\/comments?post=1973798"}],"wp:featuredmedia":[{"embeddable":true,"href":"https:\/\/eu.tilta.com\/de\/wp-json\/wp\/v2\/media\/1965313"}],"wp:attachment":[{"href":"https:\/\/eu.tilta.com\/de\/wp-json\/wp\/v2\/media?parent=1973798"}],"wp:term":[{"taxonomy":"product_cat","embeddable":true,"href":"https:\/\/eu.tilta.com\/de\/wp-json\/wp\/v2\/product_cat?post=1973798"},{"taxonomy":"product_tag","embeddable":true,"href":"https:\/\/eu.tilta.com\/de\/wp-json\/wp\/v2\/product_tag?post=1973798"}],"curies":[{"name":"wp","href":"https:\/\/api.w.org\/{rel}","templated":true}]}}