{"id":1973804,"date":"2021-02-09T12:12:27","date_gmt":"2021-02-09T11:12:27","guid":{"rendered":"https:\/\/de.tilta.com\/shop\/rs-2-fernbedienungshandgriff-fuer-advanced-ring-grip\/"},"modified":"2025-12-05T12:15:19","modified_gmt":"2025-12-05T11:15:19","slug":"rs-2-remote-control-handle-for-advanced-ring-grip","status":"publish","type":"product","link":"https:\/\/eu.tilta.com\/de\/shop\/rs-2-remote-control-handle-for-advanced-ring-grip\/","title":{"rendered":"RS 2 Fernbedienungshandgriff f\u00fcr Advanced Ring Grip"},"content":{"rendered":"<p><span style=\"font-weight: 400;\">Der Fernbedienungsgriff wird an der rechten Seite des Advanced Ring Grip und der Dual Handle Power Supply Bracket angebracht und kann zur drahtlosen Steuerung Ihrer DJI RS2, RS3 Pro und RS4\/4 Pro verwendet werden.<br \/>\n<\/span><\/p>\n<p><span style=\"font-weight: 400;\">Sie bietet einfachen Zugriff auf die Einstellungen Ihres Gimbals sowie auf die Aufnahme- und Fotofunktionen Ihrer Kamera.  <\/span><\/p>\n<p><span style=\"font-weight: 400;\">Mit dem Thumb-Stick k\u00f6nnen Sie das Schwenken und Neigen Ihres Gimbals f\u00fcr maximale Pr\u00e4zision bei der Bedienung steuern.<\/span><\/p>\n<p><span style=\"font-weight: 400;\">Mit dem Focus Wheel k\u00f6nnen Sie entweder einen DJI- oder einen Nucleus Series Lens Control Motor drahtlos steuern.  <\/span><\/p>\n<p><span style=\"font-weight: 400;\">Dieser Griff kann auch kabellos verwendet werden, wof\u00fcr eine einzelne 18650er Batterie ben\u00f6tigt wird. Er ben\u00f6tigt keine Batterien, wenn er mit einem Ring Grip verbunden ist.<\/span><\/p>\n<p><span style=\"font-weight: 400;\">Er kann \u00fcber den Ronin Batteriegriff oder die Batterieplatte betrieben werden, wenn er mit dem Ringgriff verbunden ist.<\/span><\/p>\n<p><strong>HINWEIS: Das Einsetzen von 18650er Batterien in der falschen Ausrichtung kann den Griff besch\u00e4digen.  <\/strong><\/p>\n<p><b>Die Run Stop Funktion ist <span style=\"text-decoration: underline;\">NICHT<\/span> kompatibel mit Motoren der Nucleus Serie.  <\/b><\/p>\n<p><strong>RS3\/RS3 Pro: Die M-Taste ist NICHT in der Lage, die Funktion des Gimbals zu imitieren. Mit der Taste M auf diesem Ger\u00e4t k\u00f6nnen Sie NUR die Moduseinstellung \u00e4ndern.<\/strong><\/p>\n","protected":false},"excerpt":{"rendered":"<p>Der Fernbedienungsgriff wird an der rechten Seite des Advanced Ring Grip und der Dual Handle Power Supply Bracket angebracht und kann zur drahtlosen Steuerung Ihrer DJI RS2, RS3 Pro und RS4\/4 Pro verwendet werden. Sie bietet einfachen Zugriff auf die [&hellip;]<\/p>\n","protected":false},"featured_media":1965238,"comment_status":"closed","ping_status":"closed","template":"","meta":[],"product_cat":[1057,1278,1077,1139],"product_tag":[],"acf":[],"gallery_images":[1065502,979847,992065],"_links":{"self":[{"href":"https:\/\/eu.tilta.com\/de\/wp-json\/wp\/v2\/product\/1973804"}],"collection":[{"href":"https:\/\/eu.tilta.com\/de\/wp-json\/wp\/v2\/product"}],"about":[{"href":"https:\/\/eu.tilta.com\/de\/wp-json\/wp\/v2\/types\/product"}],"replies":[{"embeddable":true,"href":"https:\/\/eu.tilta.com\/de\/wp-json\/wp\/v2\/comments?post=1973804"}],"wp:featuredmedia":[{"embeddable":true,"href":"https:\/\/eu.tilta.com\/de\/wp-json\/wp\/v2\/media\/1965238"}],"wp:attachment":[{"href":"https:\/\/eu.tilta.com\/de\/wp-json\/wp\/v2\/media?parent=1973804"}],"wp:term":[{"taxonomy":"product_cat","embeddable":true,"href":"https:\/\/eu.tilta.com\/de\/wp-json\/wp\/v2\/product_cat?post=1973804"},{"taxonomy":"product_tag","embeddable":true,"href":"https:\/\/eu.tilta.com\/de\/wp-json\/wp\/v2\/product_tag?post=1973804"}],"curies":[{"name":"wp","href":"https:\/\/api.w.org\/{rel}","templated":true}]}}