{"id":1973805,"date":"2021-02-09T12:16:09","date_gmt":"2021-02-09T11:16:09","guid":{"rendered":"https:\/\/de.tilta.com\/shop\/dual-channel-wireless-lens-control-handle-for-advanced-ring-grip\/"},"modified":"2025-12-05T12:15:20","modified_gmt":"2025-12-05T11:15:20","slug":"dual-channel-wireless-lens-control-handle-for-advanced-ring-grip","status":"publish","type":"product","link":"https:\/\/eu.tilta.com\/de\/shop\/dual-channel-wireless-lens-control-handle-for-advanced-ring-grip\/","title":{"rendered":"Dual Channel Wireless Lens Control Handle for Advanced Ring Grip"},"content":{"rendered":"<p><span style=\"font-weight: 400\">Der Dual Channel Wireless Lens Control Handle wird an der linken Seite des Advanced Ring Grip oder der Dual Handle Power Supply Bracket angebracht.<\/span><\/p>\n<p><span style=\"font-weight: 400\">Damit k\u00f6nnen Sie ganz einfach zwei Kan\u00e4le der Lens Control Motoren der Nucleus Serie steuern.  <\/span><\/p>\n<p><span style=\"font-weight: 400\">Mit den beiden Fokusr\u00e4dern am Griff k\u00f6nnen Sie den Fokus, die Blende oder den Zoom Ihres Objektivs m\u00fchelos einstellen.<\/span><\/p>\n<p><span style=\"font-weight: 400\">  Ein Motor kann mit dem Daumen \u00fcber das Fokusrad auf der R\u00fcckseite des Griffs und der andere \u00fcber das Rad auf der Vorderseite mit dem Zeigefinger gesteuert werden.  <\/span><\/p>\n<p>Dieser Handgriff kann montiert oder kabellos verwendet werden und ben\u00f6tigt eine einzelne 18650er Batterie.<\/p>\n<p>Sie kann mit dem RS 2 Batteriegriff oder der Batterieplatte betrieben werden, wenn sie mit dem Ringgriff verbunden ist.<\/p>\n<p><strong>HINWEIS: Bitte seien Sie beim Einsetzen der 18650er Batterien \u00e4u\u00dferst vorsichtig, da eine falsche Ausrichtung den Griff besch\u00e4digen kann.  <\/strong><\/p>\n","protected":false},"excerpt":{"rendered":"<p>Der Dual Channel Wireless Lens Control Handle wird an der linken Seite des Advanced Ring Grip oder der Dual Handle Power Supply Bracket angebracht. Damit k\u00f6nnen Sie ganz einfach zwei Kan\u00e4le der Lens Control Motoren der Nucleus Serie steuern. Mit [&hellip;]<\/p>\n","protected":false},"featured_media":1965240,"comment_status":"closed","ping_status":"closed","template":"","meta":[],"product_cat":[1057,1278,1077,1139],"product_tag":[],"acf":[],"gallery_images":[1065596,979870],"_links":{"self":[{"href":"https:\/\/eu.tilta.com\/de\/wp-json\/wp\/v2\/product\/1973805"}],"collection":[{"href":"https:\/\/eu.tilta.com\/de\/wp-json\/wp\/v2\/product"}],"about":[{"href":"https:\/\/eu.tilta.com\/de\/wp-json\/wp\/v2\/types\/product"}],"replies":[{"embeddable":true,"href":"https:\/\/eu.tilta.com\/de\/wp-json\/wp\/v2\/comments?post=1973805"}],"wp:featuredmedia":[{"embeddable":true,"href":"https:\/\/eu.tilta.com\/de\/wp-json\/wp\/v2\/media\/1965240"}],"wp:attachment":[{"href":"https:\/\/eu.tilta.com\/de\/wp-json\/wp\/v2\/media?parent=1973805"}],"wp:term":[{"taxonomy":"product_cat","embeddable":true,"href":"https:\/\/eu.tilta.com\/de\/wp-json\/wp\/v2\/product_cat?post=1973805"},{"taxonomy":"product_tag","embeddable":true,"href":"https:\/\/eu.tilta.com\/de\/wp-json\/wp\/v2\/product_tag?post=1973805"}],"curies":[{"name":"wp","href":"https:\/\/api.w.org\/{rel}","templated":true}]}}