{"id":1973810,"date":"2021-02-04T09:28:36","date_gmt":"2021-02-04T08:28:36","guid":{"rendered":"https:\/\/de.tilta.com\/shop\/tilta-float-system-untere-gegengewichtshalterung\/"},"modified":"2025-12-21T23:06:06","modified_gmt":"2025-12-21T22:06:06","slug":"tilta-float-system-bottom-counterweight-bracket","status":"publish","type":"product","link":"https:\/\/eu.tilta.com\/de\/shop\/tilta-float-system-bottom-counterweight-bracket\/","title":{"rendered":"Tilta Float System Untere Gegengewichtshalterung"},"content":{"rendered":"<p>Diese Gegengewichtshalterung dient als Option f\u00fcr ein besseres dynamisches Gleichgewicht und ist au\u00dferdem eine leichte Option zum Ausbalancieren des Float-Systems ohne Gold- oder V-Mount-Akkus.<\/p>\n<p>Die Halterung wird \u00fcber eine NATO-Schienenverbindung an der Basis des Pfostens des Float-Systems befestigt und kann auch \u00fcber eine NATO-Klemme<strong>(nicht im Lieferumfang enthalten<\/strong>) an der Unterseite einer Gold\/V-Mount-Batterieplatte angebracht werden.<\/p>\n<p>Dieses Kit enth\u00e4lt 6x 220g stapelbare Gegengewichte, die \u00fcber das 1\/4\u2033-20 Gewinde an der Halterung angeschlossen werden k\u00f6nnen, was Ihnen eine Feinabstimmung der Balance Ihres Setups erm\u00f6glicht.<\/p>\n<p>Diese Gegengewichtshalterung ist eine gro\u00dfartige Option, um den Float dynamisch auszubalancieren oder wenn Sie kleinere Kamerageh\u00e4use und Gimbals verwenden, die nicht die Vorteile der Gold- oder V-Mount-Stromversorgung nutzen k\u00f6nnen, wie z.B. solche, die bereits \u00fcber einen internen Akku betrieben werden.<\/p>\n","protected":false},"excerpt":{"rendered":"<p>Diese Gegengewichtshalterung dient als Option f\u00fcr ein besseres dynamisches Gleichgewicht und ist au\u00dferdem eine leichte Option zum Ausbalancieren des Float-Systems ohne Gold- oder V-Mount-Akkus. Die Halterung wird \u00fcber eine NATO-Schienenverbindung an der Basis des Pfostens des Float-Systems befestigt und kann [&hellip;]<\/p>\n","protected":false},"featured_media":1966885,"comment_status":"closed","ping_status":"closed","template":"","meta":[],"product_cat":[1049,1050,1289],"product_tag":[],"acf":[],"gallery_images":[],"_links":{"self":[{"href":"https:\/\/eu.tilta.com\/de\/wp-json\/wp\/v2\/product\/1973810"}],"collection":[{"href":"https:\/\/eu.tilta.com\/de\/wp-json\/wp\/v2\/product"}],"about":[{"href":"https:\/\/eu.tilta.com\/de\/wp-json\/wp\/v2\/types\/product"}],"replies":[{"embeddable":true,"href":"https:\/\/eu.tilta.com\/de\/wp-json\/wp\/v2\/comments?post=1973810"}],"wp:featuredmedia":[{"embeddable":true,"href":"https:\/\/eu.tilta.com\/de\/wp-json\/wp\/v2\/media\/1966885"}],"wp:attachment":[{"href":"https:\/\/eu.tilta.com\/de\/wp-json\/wp\/v2\/media?parent=1973810"}],"wp:term":[{"taxonomy":"product_cat","embeddable":true,"href":"https:\/\/eu.tilta.com\/de\/wp-json\/wp\/v2\/product_cat?post=1973810"},{"taxonomy":"product_tag","embeddable":true,"href":"https:\/\/eu.tilta.com\/de\/wp-json\/wp\/v2\/product_tag?post=1973810"}],"curies":[{"name":"wp","href":"https:\/\/api.w.org\/{rel}","templated":true}]}}