{"id":1973830,"date":"2021-01-15T11:45:11","date_gmt":"2021-01-15T10:45:11","guid":{"rendered":"https:\/\/de.tilta.com\/shop\/funksteuerungs-empfangsmodul-fuer-rs-2\/"},"modified":"2025-12-05T12:15:22","modified_gmt":"2025-12-05T11:15:22","slug":"wireless-control-receiver-module-for-rs-2","status":"publish","type":"product","link":"https:\/\/eu.tilta.com\/de\/shop\/wireless-control-receiver-module-for-rs-2\/","title":{"rendered":"Funksteuerungs-Empf\u00e4ngermodul f\u00fcr DJI Ronin"},"content":{"rendered":"<p>Dieses Fernbedienungs-Empf\u00e4ngermodul l\u00e4sst sich mit der RS2, RS3 Pro kombinieren. RS4\/4 Pro Fernsteuerungsgriff f\u00fcr Advanced Ring Grip, Float System und Fernsteuerungskit, mit dem Sie den Gimbal, die Kamera und den drahtlosen DJI Objektivsteuerungsmotor fernsteuern k\u00f6nnen.<\/p>\n","protected":false},"excerpt":{"rendered":"<p>Dieses Fernbedienungs-Empf\u00e4ngermodul l\u00e4sst sich mit der RS2, RS3 Pro kombinieren. RS4\/4 Pro Fernsteuerungsgriff f\u00fcr Advanced Ring Grip, Float System und Fernsteuerungskit, mit dem Sie den Gimbal, die Kamera und den drahtlosen DJI Objektivsteuerungsmotor fernsteuern k\u00f6nnen.<\/p>\n","protected":false},"featured_media":1965275,"comment_status":"closed","ping_status":"closed","template":"","meta":[],"product_cat":[1057,1049,1278,1138,1139],"product_tag":[],"acf":[],"gallery_images":[1066321,1025634],"_links":{"self":[{"href":"https:\/\/eu.tilta.com\/de\/wp-json\/wp\/v2\/product\/1973830"}],"collection":[{"href":"https:\/\/eu.tilta.com\/de\/wp-json\/wp\/v2\/product"}],"about":[{"href":"https:\/\/eu.tilta.com\/de\/wp-json\/wp\/v2\/types\/product"}],"replies":[{"embeddable":true,"href":"https:\/\/eu.tilta.com\/de\/wp-json\/wp\/v2\/comments?post=1973830"}],"wp:featuredmedia":[{"embeddable":true,"href":"https:\/\/eu.tilta.com\/de\/wp-json\/wp\/v2\/media\/1965275"}],"wp:attachment":[{"href":"https:\/\/eu.tilta.com\/de\/wp-json\/wp\/v2\/media?parent=1973830"}],"wp:term":[{"taxonomy":"product_cat","embeddable":true,"href":"https:\/\/eu.tilta.com\/de\/wp-json\/wp\/v2\/product_cat?post=1973830"},{"taxonomy":"product_tag","embeddable":true,"href":"https:\/\/eu.tilta.com\/de\/wp-json\/wp\/v2\/product_tag?post=1973830"}],"curies":[{"name":"wp","href":"https:\/\/api.w.org\/{rel}","templated":true}]}}