{"id":1973842,"date":"2020-12-22T09:25:58","date_gmt":"2020-12-22T08:25:58","guid":{"rendered":"https:\/\/de.tilta.com\/shop\/stromversorgungsmodul-fuer-ring-grip\/"},"modified":"2025-12-05T12:15:23","modified_gmt":"2025-12-05T11:15:23","slug":"power-supply-module-for-ring-grip","status":"publish","type":"product","link":"https:\/\/eu.tilta.com\/de\/shop\/power-supply-module-for-ring-grip\/","title":{"rendered":"Stromversorgungsmodul f\u00fcr Ring Grip"},"content":{"rendered":"<p><strong>WARNUNG: Seien Sie bitte \u00e4u\u00dferst vorsichtig, wenn Sie die P-Tap Stromkabel anschlie\u00dfen, da ein verkehrter Anschluss der Kabel Ihren Gimbal besch\u00e4digen kann.<\/strong><\/p>\n<p>Dieses Stromversorgungsmodul wird direkt am Basic oder Advanced Ring Grip f\u00fcr RS2 angebracht und erm\u00f6glicht Ihnen die Montage und Stromversorgung von Zubeh\u00f6r wie Monitoren und drahtlosen Videosystemen \u00fcber einen USB-Stromausgang und einen P-Tap-Stromausgang.<\/p>\n<p>&nbsp;<\/p>\n","protected":false},"excerpt":{"rendered":"<p>WARNUNG: Seien Sie bitte \u00e4u\u00dferst vorsichtig, wenn Sie die P-Tap Stromkabel anschlie\u00dfen, da ein verkehrter Anschluss der Kabel Ihren Gimbal besch\u00e4digen kann. Dieses Stromversorgungsmodul wird direkt am Basic oder Advanced Ring Grip f\u00fcr RS2 angebracht und erm\u00f6glicht Ihnen die Montage [&hellip;]<\/p>\n","protected":false},"featured_media":1971050,"comment_status":"closed","ping_status":"closed","template":"","meta":[],"product_cat":[1057,1278],"product_tag":[],"acf":[],"gallery_images":[1947109,1947110,1947111,1948483],"_links":{"self":[{"href":"https:\/\/eu.tilta.com\/de\/wp-json\/wp\/v2\/product\/1973842"}],"collection":[{"href":"https:\/\/eu.tilta.com\/de\/wp-json\/wp\/v2\/product"}],"about":[{"href":"https:\/\/eu.tilta.com\/de\/wp-json\/wp\/v2\/types\/product"}],"replies":[{"embeddable":true,"href":"https:\/\/eu.tilta.com\/de\/wp-json\/wp\/v2\/comments?post=1973842"}],"wp:featuredmedia":[{"embeddable":true,"href":"https:\/\/eu.tilta.com\/de\/wp-json\/wp\/v2\/media\/1971050"}],"wp:attachment":[{"href":"https:\/\/eu.tilta.com\/de\/wp-json\/wp\/v2\/media?parent=1973842"}],"wp:term":[{"taxonomy":"product_cat","embeddable":true,"href":"https:\/\/eu.tilta.com\/de\/wp-json\/wp\/v2\/product_cat?post=1973842"},{"taxonomy":"product_tag","embeddable":true,"href":"https:\/\/eu.tilta.com\/de\/wp-json\/wp\/v2\/product_tag?post=1973842"}],"curies":[{"name":"wp","href":"https:\/\/api.w.org\/{rel}","templated":true}]}}