{"id":1973843,"date":"2020-12-22T09:23:38","date_gmt":"2020-12-22T08:23:38","guid":{"rendered":"https:\/\/de.tilta.com\/shop\/stromversorgungsmodul-fuer-dual-handle-power-supply-bracket\/"},"modified":"2025-12-05T12:15:23","modified_gmt":"2025-12-05T11:15:23","slug":"power-supply-module-for-dual-handle-power-supply-bracket","status":"publish","type":"product","link":"https:\/\/eu.tilta.com\/de\/shop\/power-supply-module-for-dual-handle-power-supply-bracket\/","title":{"rendered":"Stromversorgungsmodul f\u00fcr Dual Handle Power Supply Bracket"},"content":{"rendered":"<p>Dieses Stromversorgungsmodul wird direkt an der Dual Handle Power Supply Bracket f\u00fcr RS2 befestigt und erm\u00f6glicht Ihnen die Montage und Stromversorgung von Zubeh\u00f6r wie Monitoren und drahtlosen Videosystemen \u00fcber einen USB-Stromausgang und einen P-Tap-Stromausgang.<\/p>\n","protected":false},"excerpt":{"rendered":"<p>Dieses Stromversorgungsmodul wird direkt an der Dual Handle Power Supply Bracket f\u00fcr RS2 befestigt und erm\u00f6glicht Ihnen die Montage und Stromversorgung von Zubeh\u00f6r wie Monitoren und drahtlosen Videosystemen \u00fcber einen USB-Stromausgang und einen P-Tap-Stromausgang.<\/p>\n","protected":false},"featured_media":1963343,"comment_status":"closed","ping_status":"closed","template":"","meta":[],"product_cat":[1077],"product_tag":[],"acf":[],"gallery_images":[889064],"_links":{"self":[{"href":"https:\/\/eu.tilta.com\/de\/wp-json\/wp\/v2\/product\/1973843"}],"collection":[{"href":"https:\/\/eu.tilta.com\/de\/wp-json\/wp\/v2\/product"}],"about":[{"href":"https:\/\/eu.tilta.com\/de\/wp-json\/wp\/v2\/types\/product"}],"replies":[{"embeddable":true,"href":"https:\/\/eu.tilta.com\/de\/wp-json\/wp\/v2\/comments?post=1973843"}],"wp:featuredmedia":[{"embeddable":true,"href":"https:\/\/eu.tilta.com\/de\/wp-json\/wp\/v2\/media\/1963343"}],"wp:attachment":[{"href":"https:\/\/eu.tilta.com\/de\/wp-json\/wp\/v2\/media?parent=1973843"}],"wp:term":[{"taxonomy":"product_cat","embeddable":true,"href":"https:\/\/eu.tilta.com\/de\/wp-json\/wp\/v2\/product_cat?post=1973843"},{"taxonomy":"product_tag","embeddable":true,"href":"https:\/\/eu.tilta.com\/de\/wp-json\/wp\/v2\/product_tag?post=1973843"}],"curies":[{"name":"wp","href":"https:\/\/api.w.org\/{rel}","templated":true}]}}