{"id":1973844,"date":"2020-12-21T17:06:53","date_gmt":"2020-12-21T16:06:53","guid":{"rendered":"https:\/\/de.tilta.com\/shop\/v-mount-batterieplatte-fuer-ringgriff\/"},"modified":"2026-04-24T03:29:16","modified_gmt":"2026-04-24T01:29:16","slug":"v-mount-battery-plate-for-ring-grip","status":"publish","type":"product","link":"https:\/\/eu.tilta.com\/de\/shop\/v-mount-battery-plate-for-ring-grip\/","title":{"rendered":"V-Mount Batterieplatte f\u00fcr Ringgriff"},"content":{"rendered":"<p>Diese V-Mount-Akkuplatte wird direkt am Basic oder Advanced Ring Grip f\u00fcr RS 2 befestigt und erm\u00f6glicht es Ihnen, Ihren Gimbal mit V-Mount-Akkus h\u00f6herer Kapazit\u00e4t ohne externe Kabel zu betreiben.<\/p>\n","protected":false},"excerpt":{"rendered":"<p>Diese V-Mount-Akkuplatte wird direkt am Basic oder Advanced Ring Grip f\u00fcr RS 2 befestigt und erm\u00f6glicht es Ihnen, Ihren Gimbal mit V-Mount-Akkus h\u00f6herer Kapazit\u00e4t ohne externe Kabel zu betreiben.<\/p>\n","protected":false},"featured_media":1971055,"comment_status":"closed","ping_status":"closed","template":"","meta":[],"product_cat":[1057,1278],"product_tag":[],"acf":[],"gallery_images":[1947114,1947115,1947112],"_links":{"self":[{"href":"https:\/\/eu.tilta.com\/de\/wp-json\/wp\/v2\/product\/1973844"}],"collection":[{"href":"https:\/\/eu.tilta.com\/de\/wp-json\/wp\/v2\/product"}],"about":[{"href":"https:\/\/eu.tilta.com\/de\/wp-json\/wp\/v2\/types\/product"}],"replies":[{"embeddable":true,"href":"https:\/\/eu.tilta.com\/de\/wp-json\/wp\/v2\/comments?post=1973844"}],"wp:featuredmedia":[{"embeddable":true,"href":"https:\/\/eu.tilta.com\/de\/wp-json\/wp\/v2\/media\/1971055"}],"wp:attachment":[{"href":"https:\/\/eu.tilta.com\/de\/wp-json\/wp\/v2\/media?parent=1973844"}],"wp:term":[{"taxonomy":"product_cat","embeddable":true,"href":"https:\/\/eu.tilta.com\/de\/wp-json\/wp\/v2\/product_cat?post=1973844"},{"taxonomy":"product_tag","embeddable":true,"href":"https:\/\/eu.tilta.com\/de\/wp-json\/wp\/v2\/product_tag?post=1973844"}],"curies":[{"name":"wp","href":"https:\/\/api.w.org\/{rel}","templated":true}]}}