{"id":1973870,"date":"2020-11-18T15:37:23","date_gmt":"2020-11-18T14:37:23","guid":{"rendered":"https:\/\/de.tilta.com\/shop\/100g-gegengewicht\/"},"modified":"2026-04-13T14:27:48","modified_gmt":"2026-04-13T12:27:48","slug":"100g-counterweight","status":"publish","type":"product","link":"https:\/\/eu.tilta.com\/de\/shop\/100g-counterweight\/","title":{"rendered":"100g Gegengewicht"},"content":{"rendered":"<p>Dieses 100 g schwere Gegengewicht kann in Verbindung mit der Gegengewichtsklemme f\u00fcr den Seitenarm und\/oder dem Gegengewichtsadapter f\u00fcr die Quick Release Baseplate verwendet werden, um bei Bedarf zus\u00e4tzliches Gewicht zu erhalten, wenn Sie Ihre Kameraausr\u00fcstung auf dem Gimbal ausbalancieren.<\/p>\n","protected":false},"excerpt":{"rendered":"<p>Dieses 100 g schwere Gegengewicht kann in Verbindung mit der Gegengewichtsklemme f\u00fcr den Seitenarm und\/oder dem Gegengewichtsadapter f\u00fcr die Quick Release Baseplate verwendet werden, um bei Bedarf zus\u00e4tzliches Gewicht zu erhalten, wenn Sie Ihre Kameraausr\u00fcstung auf dem Gimbal ausbalancieren.<\/p>\n","protected":false},"featured_media":1965253,"comment_status":"closed","ping_status":"closed","template":"","meta":[],"product_cat":[1139,1289],"product_tag":[],"acf":[],"gallery_images":[1065909,1065911],"_links":{"self":[{"href":"https:\/\/eu.tilta.com\/de\/wp-json\/wp\/v2\/product\/1973870"}],"collection":[{"href":"https:\/\/eu.tilta.com\/de\/wp-json\/wp\/v2\/product"}],"about":[{"href":"https:\/\/eu.tilta.com\/de\/wp-json\/wp\/v2\/types\/product"}],"replies":[{"embeddable":true,"href":"https:\/\/eu.tilta.com\/de\/wp-json\/wp\/v2\/comments?post=1973870"}],"wp:featuredmedia":[{"embeddable":true,"href":"https:\/\/eu.tilta.com\/de\/wp-json\/wp\/v2\/media\/1965253"}],"wp:attachment":[{"href":"https:\/\/eu.tilta.com\/de\/wp-json\/wp\/v2\/media?parent=1973870"}],"wp:term":[{"taxonomy":"product_cat","embeddable":true,"href":"https:\/\/eu.tilta.com\/de\/wp-json\/wp\/v2\/product_cat?post=1973870"},{"taxonomy":"product_tag","embeddable":true,"href":"https:\/\/eu.tilta.com\/de\/wp-json\/wp\/v2\/product_tag?post=1973870"}],"curies":[{"name":"wp","href":"https:\/\/api.w.org\/{rel}","templated":true}]}}