{"id":1973872,"date":"2020-11-19T10:54:10","date_gmt":"2020-11-19T09:54:10","guid":{"rendered":"https:\/\/de.tilta.com\/shop\/4x5-65-kohlefaser-mattbox-zum-anklemmen-mit-einfacher-rueckwand\/"},"modified":"2025-12-05T12:16:04","modified_gmt":"2025-12-05T11:16:04","slug":"4x5-65-carbon-fiber-matte-box-clamp-on-with-single-backing","status":"publish","type":"product","link":"https:\/\/eu.tilta.com\/de\/shop\/4x5-65-carbon-fiber-matte-box-clamp-on-with-single-backing\/","title":{"rendered":"4&#215;5.65 Kohlefaser-Mattbox (zum Anklemmen) mit einfacher R\u00fcckwand"},"content":{"rendered":"<p><!--StartFragment-->Diese 4\u00d75,65 Karbonfaser-Mattbox ist so konzipiert, dass sie direkt auf Standard-Kinoobjektive geklemmt werden kann, um so leicht und unauff\u00e4llig wie m\u00f6glich zu sein.<\/p>\n<p>Es enth\u00e4lt einen Adapterring f\u00fcr ein einzelnes Objektiv, um den Frontdurchmesser Ihrer Wahl anzupassen.<\/p>\n<p>Zus\u00e4tzliche <a href=\"https:\/\/de.tilta.com\/shop\/backing-for-mb-t12-clamp-on-matte-box\/\">R\u00fcckw\u00e4nde<\/a> k\u00f6nnen separat erworben werden. Wir bieten auch ein <a href=\"https:\/\/de.tilta.com\/shop\/4x5-65-carbon-fiber-matte-box-clamp-on-mb-t12\/\">komplettes Set<\/a> mit mehreren Untergr\u00fcnden an<\/p>\n<p>Diese Adapterringe erm\u00f6glichen es nicht nur, die Matte Box direkt am Objektiv zu befestigen, sondern sie machen auch den Einsatz von Objektiv-Donuts \u00fcberfl\u00fcssig.<\/p>\n<p>Im Paket enthalten ist eine franz\u00f6sische Flagge, die als Fackelschutz dient.<!--EndFragment--><\/p>\n<p>Sie enth\u00e4lt auch eine 15-mm-Stabbefestigung, wenn Sie die Matte Box mit LWS-St\u00e4ben montieren m\u00f6chten.<\/p>\n","protected":false},"excerpt":{"rendered":"<p>Diese 4\u00d75,65 Karbonfaser-Mattbox ist so konzipiert, dass sie direkt auf Standard-Kinoobjektive geklemmt werden kann, um so leicht und unauff\u00e4llig wie m\u00f6glich zu sein. Es enth\u00e4lt einen Adapterring f\u00fcr ein einzelnes Objektiv, um den Frontdurchmesser Ihrer Wahl anzupassen. Zus\u00e4tzliche R\u00fcckw\u00e4nde k\u00f6nnen [&hellip;]<\/p>\n","protected":false},"featured_media":1962691,"comment_status":"closed","ping_status":"closed","template":"","meta":[],"product_cat":[1078,1081,1092,1093,1111,3155,1113,1115,1127,1131,1132,1133,1134,1217],"product_tag":[],"acf":[],"gallery_images":[885959,885961],"_links":{"self":[{"href":"https:\/\/eu.tilta.com\/de\/wp-json\/wp\/v2\/product\/1973872"}],"collection":[{"href":"https:\/\/eu.tilta.com\/de\/wp-json\/wp\/v2\/product"}],"about":[{"href":"https:\/\/eu.tilta.com\/de\/wp-json\/wp\/v2\/types\/product"}],"replies":[{"embeddable":true,"href":"https:\/\/eu.tilta.com\/de\/wp-json\/wp\/v2\/comments?post=1973872"}],"wp:featuredmedia":[{"embeddable":true,"href":"https:\/\/eu.tilta.com\/de\/wp-json\/wp\/v2\/media\/1962691"}],"wp:attachment":[{"href":"https:\/\/eu.tilta.com\/de\/wp-json\/wp\/v2\/media?parent=1973872"}],"wp:term":[{"taxonomy":"product_cat","embeddable":true,"href":"https:\/\/eu.tilta.com\/de\/wp-json\/wp\/v2\/product_cat?post=1973872"},{"taxonomy":"product_tag","embeddable":true,"href":"https:\/\/eu.tilta.com\/de\/wp-json\/wp\/v2\/product_tag?post=1973872"}],"curies":[{"name":"wp","href":"https:\/\/api.w.org\/{rel}","templated":true}]}}