{"id":1973888,"date":"2020-11-18T15:30:29","date_gmt":"2020-11-18T14:30:29","guid":{"rendered":"https:\/\/de.tilta.com\/shop\/top-camera-support-bracket-for-dji-ronin\/"},"modified":"2025-12-05T12:15:51","modified_gmt":"2025-12-05T11:15:51","slug":"top-camera-support-bracket-for-rs-2","status":"publish","type":"product","link":"https:\/\/eu.tilta.com\/de\/shop\/top-camera-support-bracket-for-rs-2\/","title":{"rendered":"Obere Kamerahalterung f\u00fcr DJI Ronin"},"content":{"rendered":"<p>Diese obere Kamerahalterung wird von der Basis des H\u00f6henverstellarms des DJI RS2, RS3  RS3 Pro \u00fcber einen Befestigungspunkt am kalten Schuh an der Oberseite Ihrer Kamera angebracht.<\/p>\n<p>Dies bietet zus\u00e4tzliche Stabilit\u00e4t f\u00fcr Ihre Kamera und kann die Leistung Ihres Gimbals verbessern.<\/p>\n<p>Diese Art von Halterung ist ein besonders hilfreiches Zubeh\u00f6r f\u00fcr ein System wie unser Hydra Alien.<\/p>\n<p>Er fungiert als zus\u00e4tzlicher Kontaktpunkt zwischen dem Gimbal und dem Kamerageh\u00e4use, was zur Stabilisierung des Gimbals bei h\u00f6heren Geschwindigkeiten beitragen und zus\u00e4tzliche Sicherheit bieten kann.<\/p>\n<p>Die obere Kamerahalterung ist kompatibel mit dem DJI RS2, RS3 und RS3 Pro.<\/p>\n","protected":false},"excerpt":{"rendered":"<p>Diese obere Kamerahalterung wird von der Basis des H\u00f6henverstellarms des DJI RS2, RS3 RS3 Pro \u00fcber einen Befestigungspunkt am kalten Schuh an der Oberseite Ihrer Kamera angebracht. Dies bietet zus\u00e4tzliche Stabilit\u00e4t f\u00fcr Ihre Kamera und kann die Leistung Ihres Gimbals [&hellip;]<\/p>\n","protected":false},"featured_media":1965290,"comment_status":"closed","ping_status":"closed","template":"","meta":[],"product_cat":[1047,1139],"product_tag":[],"acf":[],"gallery_images":[1068967,1068968],"_links":{"self":[{"href":"https:\/\/eu.tilta.com\/de\/wp-json\/wp\/v2\/product\/1973888"}],"collection":[{"href":"https:\/\/eu.tilta.com\/de\/wp-json\/wp\/v2\/product"}],"about":[{"href":"https:\/\/eu.tilta.com\/de\/wp-json\/wp\/v2\/types\/product"}],"replies":[{"embeddable":true,"href":"https:\/\/eu.tilta.com\/de\/wp-json\/wp\/v2\/comments?post=1973888"}],"wp:featuredmedia":[{"embeddable":true,"href":"https:\/\/eu.tilta.com\/de\/wp-json\/wp\/v2\/media\/1965290"}],"wp:attachment":[{"href":"https:\/\/eu.tilta.com\/de\/wp-json\/wp\/v2\/media?parent=1973888"}],"wp:term":[{"taxonomy":"product_cat","embeddable":true,"href":"https:\/\/eu.tilta.com\/de\/wp-json\/wp\/v2\/product_cat?post=1973888"},{"taxonomy":"product_tag","embeddable":true,"href":"https:\/\/eu.tilta.com\/de\/wp-json\/wp\/v2\/product_tag?post=1973888"}],"curies":[{"name":"wp","href":"https:\/\/api.w.org\/{rel}","templated":true}]}}