{"id":1973896,"date":"2020-11-18T16:20:50","date_gmt":"2020-11-18T15:20:50","guid":{"rendered":"https:\/\/de.tilta.com\/shop\/wireless-video-mounting-bracket-for-dji-ronin\/"},"modified":"2026-04-07T05:48:09","modified_gmt":"2026-04-07T03:48:09","slug":"wireless-video-mounting-bracket","status":"publish","type":"product","link":"https:\/\/eu.tilta.com\/de\/shop\/wireless-video-mounting-bracket\/","title":{"rendered":"Drahtlose Video-Halterung f\u00fcr DJI Ronin"},"content":{"rendered":"<p>Diese Halterung wird unter der Grundplatte des Gimbal-Empf\u00e4ngers montiert und erm\u00f6glicht es Ihnen, verschiedene drahtlose Videosender von Drittanbietern mit einer 1\/4&#8243;-20 Schraube an Ihrem Setup zu befestigen.<\/p>\n<p>Kompatibel mit dem RS2, RSC2, RS3, RS3 Pro und RS4\/4 Pro<\/p>\n","protected":false},"excerpt":{"rendered":"<p>Diese Halterung wird unter der Grundplatte des Gimbal-Empf\u00e4ngers montiert und erm\u00f6glicht es Ihnen, verschiedene drahtlose Videosender von Drittanbietern mit einer 1\/4&#8243;-20 Schraube an Ihrem Setup zu befestigen. Kompatibel mit dem RS2, RSC2, RS3, RS3 Pro und RS4\/4 Pro<\/p>\n","protected":false},"featured_media":1965302,"comment_status":"closed","ping_status":"closed","template":"","meta":[],"product_cat":[1139],"product_tag":[],"acf":[],"gallery_images":[1069098],"_links":{"self":[{"href":"https:\/\/eu.tilta.com\/de\/wp-json\/wp\/v2\/product\/1973896"}],"collection":[{"href":"https:\/\/eu.tilta.com\/de\/wp-json\/wp\/v2\/product"}],"about":[{"href":"https:\/\/eu.tilta.com\/de\/wp-json\/wp\/v2\/types\/product"}],"replies":[{"embeddable":true,"href":"https:\/\/eu.tilta.com\/de\/wp-json\/wp\/v2\/comments?post=1973896"}],"wp:featuredmedia":[{"embeddable":true,"href":"https:\/\/eu.tilta.com\/de\/wp-json\/wp\/v2\/media\/1965302"}],"wp:attachment":[{"href":"https:\/\/eu.tilta.com\/de\/wp-json\/wp\/v2\/media?parent=1973896"}],"wp:term":[{"taxonomy":"product_cat","embeddable":true,"href":"https:\/\/eu.tilta.com\/de\/wp-json\/wp\/v2\/product_cat?post=1973896"},{"taxonomy":"product_tag","embeddable":true,"href":"https:\/\/eu.tilta.com\/de\/wp-json\/wp\/v2\/product_tag?post=1973896"}],"curies":[{"name":"wp","href":"https:\/\/api.w.org\/{rel}","templated":true}]}}