{"id":1973897,"date":"2020-11-18T15:14:08","date_gmt":"2020-11-18T14:14:08","guid":{"rendered":"https:\/\/de.tilta.com\/shop\/rosette-extender-arm\/"},"modified":"2026-04-23T13:44:16","modified_gmt":"2026-04-23T11:44:16","slug":"rosette-extender-arm","status":"publish","type":"product","link":"https:\/\/eu.tilta.com\/de\/shop\/rosette-extender-arm\/","title":{"rendered":"Rosette Extender Arm"},"content":{"rendered":"<p>Mit diesem Verl\u00e4ngerungsarm k\u00f6nnen Sie den Winkel und die L\u00e4nge Ihrer Bediengriffe f\u00fcr maximalen Bedienkomfort einstellen.<\/p>\n<p>Sie verf\u00fcgt \u00fcber Arri-Standard-Rosettenanschl\u00fcsse, so dass sie an jede kompatible Rosette angeschlossen werden kann.<\/p>\n","protected":false},"excerpt":{"rendered":"<p>Mit diesem Verl\u00e4ngerungsarm k\u00f6nnen Sie den Winkel und die L\u00e4nge Ihrer Bediengriffe f\u00fcr maximalen Bedienkomfort einstellen. Sie verf\u00fcgt \u00fcber Arri-Standard-Rosettenanschl\u00fcsse, so dass sie an jede kompatible Rosette angeschlossen werden kann.<\/p>\n","protected":false},"featured_media":1965256,"comment_status":"closed","ping_status":"closed","template":"","meta":[],"product_cat":[1139,1233],"product_tag":[],"acf":[],"gallery_images":[1065952,1065953,994315],"_links":{"self":[{"href":"https:\/\/eu.tilta.com\/de\/wp-json\/wp\/v2\/product\/1973897"}],"collection":[{"href":"https:\/\/eu.tilta.com\/de\/wp-json\/wp\/v2\/product"}],"about":[{"href":"https:\/\/eu.tilta.com\/de\/wp-json\/wp\/v2\/types\/product"}],"replies":[{"embeddable":true,"href":"https:\/\/eu.tilta.com\/de\/wp-json\/wp\/v2\/comments?post=1973897"}],"wp:featuredmedia":[{"embeddable":true,"href":"https:\/\/eu.tilta.com\/de\/wp-json\/wp\/v2\/media\/1965256"}],"wp:attachment":[{"href":"https:\/\/eu.tilta.com\/de\/wp-json\/wp\/v2\/media?parent=1973897"}],"wp:term":[{"taxonomy":"product_cat","embeddable":true,"href":"https:\/\/eu.tilta.com\/de\/wp-json\/wp\/v2\/product_cat?post=1973897"},{"taxonomy":"product_tag","embeddable":true,"href":"https:\/\/eu.tilta.com\/de\/wp-json\/wp\/v2\/product_tag?post=1973897"}],"curies":[{"name":"wp","href":"https:\/\/api.w.org\/{rel}","templated":true}]}}