{"id":1973917,"date":"2020-11-18T14:47:56","date_gmt":"2020-11-18T13:47:56","guid":{"rendered":"https:\/\/de.tilta.com\/shop\/battery-handle-base-accessory-mounting-bracket\/"},"modified":"2025-12-05T12:15:53","modified_gmt":"2025-12-05T11:15:53","slug":"battery-handle-base-accessory-mounting-bracket","status":"publish","type":"product","link":"https:\/\/eu.tilta.com\/de\/shop\/battery-handle-base-accessory-mounting-bracket\/","title":{"rendered":"Battery Handle Base Accessory Mounting Bracket"},"content":{"rendered":"<p>Diese Halterung wird an der Unterseite des Batteriegriffs Ihres Gimbals angebracht, damit Sie das Gimbal-Stativ zusammen mit anderem Zubeh\u00f6r montieren k\u00f6nnen, falls gew\u00fcnscht.<\/p>\n<p>Die Halterung verf\u00fcgt \u00fcber 1\/4&#8243;-20 und 3\/8&#8243;-16 Schraubenl\u00f6cher an der Unterseite sowie \u00fcber zwei kleine NATO-Schienen, die an den Seiten der Halterung angebracht sind.<\/p>\n<p>Kompatibel mit dem DJI RS2, RSC2, RS3\/3 Pro und RS4\/4 Pro<\/p>\n","protected":false},"excerpt":{"rendered":"<p>Diese Halterung wird an der Unterseite des Batteriegriffs Ihres Gimbals angebracht, damit Sie das Gimbal-Stativ zusammen mit anderem Zubeh\u00f6r montieren k\u00f6nnen, falls gew\u00fcnscht. Die Halterung verf\u00fcgt \u00fcber 1\/4&#8243;-20 und 3\/8&#8243;-16 Schraubenl\u00f6cher an der Unterseite sowie \u00fcber zwei kleine NATO-Schienen, die [&hellip;]<\/p>\n","protected":false},"featured_media":1965277,"comment_status":"closed","ping_status":"closed","template":"","meta":[],"product_cat":[1139],"product_tag":[],"acf":[],"gallery_images":[1068704,1068705,1068706,1068707],"_links":{"self":[{"href":"https:\/\/eu.tilta.com\/de\/wp-json\/wp\/v2\/product\/1973917"}],"collection":[{"href":"https:\/\/eu.tilta.com\/de\/wp-json\/wp\/v2\/product"}],"about":[{"href":"https:\/\/eu.tilta.com\/de\/wp-json\/wp\/v2\/types\/product"}],"replies":[{"embeddable":true,"href":"https:\/\/eu.tilta.com\/de\/wp-json\/wp\/v2\/comments?post=1973917"}],"wp:featuredmedia":[{"embeddable":true,"href":"https:\/\/eu.tilta.com\/de\/wp-json\/wp\/v2\/media\/1965277"}],"wp:attachment":[{"href":"https:\/\/eu.tilta.com\/de\/wp-json\/wp\/v2\/media?parent=1973917"}],"wp:term":[{"taxonomy":"product_cat","embeddable":true,"href":"https:\/\/eu.tilta.com\/de\/wp-json\/wp\/v2\/product_cat?post=1973917"},{"taxonomy":"product_tag","embeddable":true,"href":"https:\/\/eu.tilta.com\/de\/wp-json\/wp\/v2\/product_tag?post=1973917"}],"curies":[{"name":"wp","href":"https:\/\/api.w.org\/{rel}","templated":true}]}}