{"id":1973918,"date":"2020-11-18T15:10:31","date_gmt":"2020-11-18T14:10:31","guid":{"rendered":"https:\/\/de.tilta.com\/shop\/right-side-nato-rail-to-rosette-adapter\/"},"modified":"2025-12-05T12:15:53","modified_gmt":"2025-12-05T11:15:53","slug":"right-side-nato-rail-to-rosette-adapter","status":"publish","type":"product","link":"https:\/\/eu.tilta.com\/de\/shop\/right-side-nato-rail-to-rosette-adapter\/","title":{"rendered":"Right Side NATO Rail to Rosette Adapter"},"content":{"rendered":"<p>Dieser Adapter wird \u00fcber eine NATO-Schienenverbindung an der rechten Seite des Gimbals befestigt und bietet Ihnen einen ARRI-Standard-Rosetten-Montagepunkt sowie einen Cold Shoe-Empf\u00e4nger und ein 1\/4\u2033-20-Gewinde.<\/p>\n<p>Damit k\u00f6nnen Sie verschiedene Rosetten-basierte Zubeh\u00f6rteile wie Griffe am Gimbal befestigen, die ein komfortableres und stabileres Betriebserlebnis erm\u00f6glichen.<\/p>\n<p>Dieser Adapter kann auch mit unseren Rosettenverl\u00e4ngerungsarmen verwendet werden, die mehr Flexibilit\u00e4t bei der Positionierung Ihres Griffs bieten.<\/p>\n<p>Der Cold Shoe-Empf\u00e4nger an der Oberseite des Adapters kann auch mit verschiedenem Cold Shoe-Zubeh\u00f6r verwendet werden, z.B. mit unserer Cold Shoe auf 1\/4\u2033-20 Halterung.<\/p>\n<p>Das 1\/4\u2033-20 Gewinde bietet einen universellen Befestigungspunkt f\u00fcr kleine Noga-Arme und anderes Zubeh\u00f6r, das 1\/4\u2033-20 Gewinde verwendet.<\/p>\n<p>Der Rosettenanschluss kann auch in Verbindung mit unserer Nucleus-Nano Handradbefestigungsplatte verwendet werden, um die Nucleus-Nano Handeinheit an der DJI RS2, RSC2, RS3\/3 Pro und RS4\/4 Pro zu befestigen.<\/p>\n","protected":false},"excerpt":{"rendered":"<p>Dieser Adapter wird \u00fcber eine NATO-Schienenverbindung an der rechten Seite des Gimbals befestigt und bietet Ihnen einen ARRI-Standard-Rosetten-Montagepunkt sowie einen Cold Shoe-Empf\u00e4nger und ein 1\/4\u2033-20-Gewinde. Damit k\u00f6nnen Sie verschiedene Rosetten-basierte Zubeh\u00f6rteile wie Griffe am Gimbal befestigen, die ein komfortableres und [&hellip;]<\/p>\n","protected":false},"featured_media":1965266,"comment_status":"closed","ping_status":"closed","template":"","meta":[],"product_cat":[1139],"product_tag":[],"acf":[],"gallery_images":[1066188,1066189,1066190],"_links":{"self":[{"href":"https:\/\/eu.tilta.com\/de\/wp-json\/wp\/v2\/product\/1973918"}],"collection":[{"href":"https:\/\/eu.tilta.com\/de\/wp-json\/wp\/v2\/product"}],"about":[{"href":"https:\/\/eu.tilta.com\/de\/wp-json\/wp\/v2\/types\/product"}],"replies":[{"embeddable":true,"href":"https:\/\/eu.tilta.com\/de\/wp-json\/wp\/v2\/comments?post=1973918"}],"wp:featuredmedia":[{"embeddable":true,"href":"https:\/\/eu.tilta.com\/de\/wp-json\/wp\/v2\/media\/1965266"}],"wp:attachment":[{"href":"https:\/\/eu.tilta.com\/de\/wp-json\/wp\/v2\/media?parent=1973918"}],"wp:term":[{"taxonomy":"product_cat","embeddable":true,"href":"https:\/\/eu.tilta.com\/de\/wp-json\/wp\/v2\/product_cat?post=1973918"},{"taxonomy":"product_tag","embeddable":true,"href":"https:\/\/eu.tilta.com\/de\/wp-json\/wp\/v2\/product_tag?post=1973918"}],"curies":[{"name":"wp","href":"https:\/\/api.w.org\/{rel}","templated":true}]}}