{"id":1973921,"date":"2020-11-17T01:49:50","date_gmt":"2020-11-17T00:49:50","guid":{"rendered":"https:\/\/de.tilta.com\/shop\/tilta-36mm-nato-schienenbefestigung\/"},"modified":"2026-02-16T09:02:31","modified_gmt":"2026-02-16T08:02:31","slug":"tiltaing-36mm-nato-rail-attachment","status":"publish","type":"product","link":"https:\/\/eu.tilta.com\/de\/shop\/tiltaing-36mm-nato-rail-attachment\/","title":{"rendered":"Tilta 36mm NATO Schienenbefestigung"},"content":{"rendered":"<p>Diese 36mm NATO-Schienenbefestigung kann mit zwei 1\/4&#8243;-20 Schrauben an den Tiltaing-Kamerak\u00e4figen befestigt werden. Damit k\u00f6nnen Sie die verschiedenen NATO-Schienengriffe an Ihrem Setup befestigen, um eine komfortablere Bedienung zu erm\u00f6glichen.<\/p>\n","protected":false},"excerpt":{"rendered":"<p>Diese 36mm NATO-Schienenbefestigung kann mit zwei 1\/4&#8243;-20 Schrauben an den Tiltaing-Kamerak\u00e4figen befestigt werden. Damit k\u00f6nnen Sie die verschiedenen NATO-Schienengriffe an Ihrem Setup befestigen, um eine komfortablere Bedienung zu erm\u00f6glichen.<\/p>\n","protected":false},"featured_media":1962523,"comment_status":"closed","ping_status":"closed","template":"","meta":[],"product_cat":[4448,1216,1197],"product_tag":[],"acf":[],"gallery_images":[885622],"_links":{"self":[{"href":"https:\/\/eu.tilta.com\/de\/wp-json\/wp\/v2\/product\/1973921"}],"collection":[{"href":"https:\/\/eu.tilta.com\/de\/wp-json\/wp\/v2\/product"}],"about":[{"href":"https:\/\/eu.tilta.com\/de\/wp-json\/wp\/v2\/types\/product"}],"replies":[{"embeddable":true,"href":"https:\/\/eu.tilta.com\/de\/wp-json\/wp\/v2\/comments?post=1973921"}],"wp:featuredmedia":[{"embeddable":true,"href":"https:\/\/eu.tilta.com\/de\/wp-json\/wp\/v2\/media\/1962523"}],"wp:attachment":[{"href":"https:\/\/eu.tilta.com\/de\/wp-json\/wp\/v2\/media?parent=1973921"}],"wp:term":[{"taxonomy":"product_cat","embeddable":true,"href":"https:\/\/eu.tilta.com\/de\/wp-json\/wp\/v2\/product_cat?post=1973921"},{"taxonomy":"product_tag","embeddable":true,"href":"https:\/\/eu.tilta.com\/de\/wp-json\/wp\/v2\/product_tag?post=1973921"}],"curies":[{"name":"wp","href":"https:\/\/api.w.org\/{rel}","templated":true}]}}