{"id":1973925,"date":"2020-11-18T14:56:32","date_gmt":"2020-11-18T13:56:32","guid":{"rendered":"https:\/\/de.tilta.com\/shop\/extended-quick-release-baseplate\/"},"modified":"2025-12-05T12:15:57","modified_gmt":"2025-12-05T11:15:57","slug":"extended-quick-release-baseplate","status":"publish","type":"product","link":"https:\/\/eu.tilta.com\/de\/shop\/extended-quick-release-baseplate\/","title":{"rendered":"Erweiterte Schnellspanner-Basisplatte"},"content":{"rendered":"<p>Diese verl\u00e4ngerte Schnellwechselplatte wird an der vorhandenen Grundplatte befestigt und bietet eine breitere, sicherere Basis f\u00fcr schwerere und\/oder gr\u00f6\u00dfere Kameras.<\/p>\n<p>Dies hilft Ihnen, eine gr\u00f6\u00dfere Kameraeinrichtung besser auszubalancieren.<\/p>\n<p>*Erfordert eine <a href=\"https:\/\/de.tilta.com\/shop\/manfrotto-quick-release-extender-plate\/\">Manfrotto Schnellwechselplatte*.<\/a><\/p>\n","protected":false},"excerpt":{"rendered":"<p>Diese verl\u00e4ngerte Schnellwechselplatte wird an der vorhandenen Grundplatte befestigt und bietet eine breitere, sicherere Basis f\u00fcr schwerere und\/oder gr\u00f6\u00dfere Kameras. Dies hilft Ihnen, eine gr\u00f6\u00dfere Kameraeinrichtung besser auszubalancieren. *Erfordert eine Manfrotto Schnellwechselplatte*.<\/p>\n","protected":false},"featured_media":1965284,"comment_status":"closed","ping_status":"closed","template":"","meta":[],"product_cat":[1139],"product_tag":[],"acf":[],"gallery_images":[1068788],"_links":{"self":[{"href":"https:\/\/eu.tilta.com\/de\/wp-json\/wp\/v2\/product\/1973925"}],"collection":[{"href":"https:\/\/eu.tilta.com\/de\/wp-json\/wp\/v2\/product"}],"about":[{"href":"https:\/\/eu.tilta.com\/de\/wp-json\/wp\/v2\/types\/product"}],"replies":[{"embeddable":true,"href":"https:\/\/eu.tilta.com\/de\/wp-json\/wp\/v2\/comments?post=1973925"}],"wp:featuredmedia":[{"embeddable":true,"href":"https:\/\/eu.tilta.com\/de\/wp-json\/wp\/v2\/media\/1965284"}],"wp:attachment":[{"href":"https:\/\/eu.tilta.com\/de\/wp-json\/wp\/v2\/media?parent=1973925"}],"wp:term":[{"taxonomy":"product_cat","embeddable":true,"href":"https:\/\/eu.tilta.com\/de\/wp-json\/wp\/v2\/product_cat?post=1973925"},{"taxonomy":"product_tag","embeddable":true,"href":"https:\/\/eu.tilta.com\/de\/wp-json\/wp\/v2\/product_tag?post=1973925"}],"curies":[{"name":"wp","href":"https:\/\/api.w.org\/{rel}","templated":true}]}}