{"id":1973927,"date":"2020-11-16T16:44:43","date_gmt":"2020-11-16T15:44:43","guid":{"rendered":"https:\/\/de.tilta.com\/shop\/tilta-handgelenkriemen-fuer-den-rechten-advanced-focus-handgriff\/"},"modified":"2026-01-22T22:36:44","modified_gmt":"2026-01-22T21:36:44","slug":"tiltaing-wrist-strap-for-right-side-advanced-focus-handle","status":"publish","type":"product","link":"https:\/\/eu.tilta.com\/de\/shop\/tiltaing-wrist-strap-for-right-side-advanced-focus-handle\/","title":{"rendered":"Tilta Handgelenkriemen f\u00fcr den rechten Advanced Focus Handgriff"},"content":{"rendered":"<p>Diese Handschlaufe wird am Tiltaing Right Side Advanced Focus Handle befestigt, damit Sie Ihre Kameraausr\u00fcstung sicher und gesch\u00fctzt halten k\u00f6nnen.<\/p>\n","protected":false},"excerpt":{"rendered":"<p>Diese Handschlaufe wird am Tiltaing Right Side Advanced Focus Handle befestigt, damit Sie Ihre Kameraausr\u00fcstung sicher und gesch\u00fctzt halten k\u00f6nnen.<\/p>\n","protected":false},"featured_media":1962521,"comment_status":"closed","ping_status":"closed","template":"","meta":[],"product_cat":[1276,1219,1299],"product_tag":[],"acf":[],"gallery_images":[],"_links":{"self":[{"href":"https:\/\/eu.tilta.com\/de\/wp-json\/wp\/v2\/product\/1973927"}],"collection":[{"href":"https:\/\/eu.tilta.com\/de\/wp-json\/wp\/v2\/product"}],"about":[{"href":"https:\/\/eu.tilta.com\/de\/wp-json\/wp\/v2\/types\/product"}],"replies":[{"embeddable":true,"href":"https:\/\/eu.tilta.com\/de\/wp-json\/wp\/v2\/comments?post=1973927"}],"wp:featuredmedia":[{"embeddable":true,"href":"https:\/\/eu.tilta.com\/de\/wp-json\/wp\/v2\/media\/1962521"}],"wp:attachment":[{"href":"https:\/\/eu.tilta.com\/de\/wp-json\/wp\/v2\/media?parent=1973927"}],"wp:term":[{"taxonomy":"product_cat","embeddable":true,"href":"https:\/\/eu.tilta.com\/de\/wp-json\/wp\/v2\/product_cat?post=1973927"},{"taxonomy":"product_tag","embeddable":true,"href":"https:\/\/eu.tilta.com\/de\/wp-json\/wp\/v2\/product_tag?post=1973927"}],"curies":[{"name":"wp","href":"https:\/\/api.w.org\/{rel}","templated":true}]}}