{"id":1973928,"date":"2020-11-16T16:40:16","date_gmt":"2020-11-16T15:40:16","guid":{"rendered":"https:\/\/de.tilta.com\/shop\/tilta-handgelenkriemen-fuer-den-linken-advanced-power-handle\/"},"modified":"2025-12-05T12:15:58","modified_gmt":"2025-12-05T11:15:58","slug":"tiltaing-wrist-strap-for-left-side-advanced-power-handle","status":"publish","type":"product","link":"https:\/\/eu.tilta.com\/de\/shop\/tiltaing-wrist-strap-for-left-side-advanced-power-handle\/","title":{"rendered":"Tilta Handgelenkriemen f\u00fcr den linken Advanced Power Handle"},"content":{"rendered":"<p>Diese Handschlaufe wird am Tiltaing Left Side Advanced Power Handle befestigt, damit Sie Ihre Kameraausr\u00fcstung sicher und gesch\u00fctzt halten k\u00f6nnen.<\/p>\n","protected":false},"excerpt":{"rendered":"<p>Diese Handschlaufe wird am Tiltaing Left Side Advanced Power Handle befestigt, damit Sie Ihre Kameraausr\u00fcstung sicher und gesch\u00fctzt halten k\u00f6nnen.<\/p>\n","protected":false},"featured_media":1962519,"comment_status":"closed","ping_status":"closed","template":"","meta":[],"product_cat":[1276,1219,1299],"product_tag":[],"acf":[],"gallery_images":[],"_links":{"self":[{"href":"https:\/\/eu.tilta.com\/de\/wp-json\/wp\/v2\/product\/1973928"}],"collection":[{"href":"https:\/\/eu.tilta.com\/de\/wp-json\/wp\/v2\/product"}],"about":[{"href":"https:\/\/eu.tilta.com\/de\/wp-json\/wp\/v2\/types\/product"}],"replies":[{"embeddable":true,"href":"https:\/\/eu.tilta.com\/de\/wp-json\/wp\/v2\/comments?post=1973928"}],"wp:featuredmedia":[{"embeddable":true,"href":"https:\/\/eu.tilta.com\/de\/wp-json\/wp\/v2\/media\/1962519"}],"wp:attachment":[{"href":"https:\/\/eu.tilta.com\/de\/wp-json\/wp\/v2\/media?parent=1973928"}],"wp:term":[{"taxonomy":"product_cat","embeddable":true,"href":"https:\/\/eu.tilta.com\/de\/wp-json\/wp\/v2\/product_cat?post=1973928"},{"taxonomy":"product_tag","embeddable":true,"href":"https:\/\/eu.tilta.com\/de\/wp-json\/wp\/v2\/product_tag?post=1973928"}],"curies":[{"name":"wp","href":"https:\/\/api.w.org\/{rel}","templated":true}]}}