{"id":1973939,"date":"2020-11-10T12:47:19","date_gmt":"2020-11-10T11:47:19","guid":{"rendered":"https:\/\/de.tilta.com\/shop\/hdmi-kabelklemme-fuer-sony-a7s-iii-halbkaefig\/"},"modified":"2026-02-16T09:02:31","modified_gmt":"2026-02-16T08:02:31","slug":"hdmi-cable-clamp-attachment-for-sony-a7s-iii-half-cage","status":"publish","type":"product","link":"https:\/\/eu.tilta.com\/de\/shop\/hdmi-cable-clamp-attachment-for-sony-a7s-iii-half-cage\/","title":{"rendered":"HDMI-Kabelklemme f\u00fcr Sony a7S III Halbk\u00e4fig"},"content":{"rendered":"<p>Diese HDMI-Klemme wird an der Seite des Tiltaing Half Camera Cage f\u00fcr Sony a7S III befestigt.<\/p>\n<p>Damit k\u00f6nnen Sie ein <a href=\"https:\/\/de.tilta.com\/shop\/hdmi-male-to-hdmi-female-cable\/\">HDMI-Stecker-auf-HDMI-Buchse-Kabel<\/a> sicher an Ihrem System befestigen.<\/p>\n<p>Diese Klemme kann verhindern, dass sich das HDMI-Kabel w\u00e4hrend der Aufnahme l\u00f6st, und sie kann den Anschluss an Ihrem Kamerageh\u00e4use sch\u00fctzen.<\/p>\n<p>Dies kann besonders hilfreich sein, wenn Sie einen externen Rekorder verwenden.<\/p>\n<p><strong>HINWEIS: Diese Klemme passt nicht direkt auf die meisten HDMI-Kabel von Drittanbietern.<\/strong><\/p>\n","protected":false},"excerpt":{"rendered":"<p>Diese HDMI-Klemme wird an der Seite des Tiltaing Half Camera Cage f\u00fcr Sony a7S III befestigt. Damit k\u00f6nnen Sie ein HDMI-Stecker-auf-HDMI-Buchse-Kabel sicher an Ihrem System befestigen. Diese Klemme kann verhindern, dass sich das HDMI-Kabel w\u00e4hrend der Aufnahme l\u00f6st, und sie [&hellip;]<\/p>\n","protected":false},"featured_media":1962425,"comment_status":"closed","ping_status":"closed","template":"","meta":[],"product_cat":[1047,4448,1128,1263],"product_tag":[],"acf":[],"gallery_images":[885432],"_links":{"self":[{"href":"https:\/\/eu.tilta.com\/de\/wp-json\/wp\/v2\/product\/1973939"}],"collection":[{"href":"https:\/\/eu.tilta.com\/de\/wp-json\/wp\/v2\/product"}],"about":[{"href":"https:\/\/eu.tilta.com\/de\/wp-json\/wp\/v2\/types\/product"}],"replies":[{"embeddable":true,"href":"https:\/\/eu.tilta.com\/de\/wp-json\/wp\/v2\/comments?post=1973939"}],"wp:featuredmedia":[{"embeddable":true,"href":"https:\/\/eu.tilta.com\/de\/wp-json\/wp\/v2\/media\/1962425"}],"wp:attachment":[{"href":"https:\/\/eu.tilta.com\/de\/wp-json\/wp\/v2\/media?parent=1973939"}],"wp:term":[{"taxonomy":"product_cat","embeddable":true,"href":"https:\/\/eu.tilta.com\/de\/wp-json\/wp\/v2\/product_cat?post=1973939"},{"taxonomy":"product_tag","embeddable":true,"href":"https:\/\/eu.tilta.com\/de\/wp-json\/wp\/v2\/product_tag?post=1973939"}],"curies":[{"name":"wp","href":"https:\/\/api.w.org\/{rel}","templated":true}]}}