{"id":1973951,"date":"2020-11-10T11:08:19","date_gmt":"2020-11-10T10:08:19","guid":{"rendered":"https:\/\/de.tilta.com\/shop\/hdmi-kabelklemme-fuer-sony-a7s-iii-vollkaefig\/"},"modified":"2025-12-05T14:31:27","modified_gmt":"2025-12-05T13:31:27","slug":"hdmi-cable-clamp-attachment-for-sony-a7s-iii-full-cage","status":"publish","type":"product","link":"https:\/\/eu.tilta.com\/de\/shop\/hdmi-cable-clamp-attachment-for-sony-a7s-iii-full-cage\/","title":{"rendered":"HDMI-Kabelklemme f\u00fcr Sony a7S III Vollk\u00e4fig"},"content":{"rendered":"<p>Diese HDMI-Klemme wird an der Seite des Tiltaing Full Camera Cage f\u00fcr Sony a7S III befestigt.<\/p>\n<p>Damit k\u00f6nnen Sie ein <a href=\"https:\/\/de.tilta.com\/shop\/hdmi-male-to-hdmi-female-cable\/\">HDMI-Stecker-auf-HDMI-Buchse-Kabel<\/a> sicher an Ihrem System befestigen.<\/p>\n<p>Diese Klemme kann verhindern, dass sich das HDMI-Kabel w\u00e4hrend der Aufnahme l\u00f6st, und sie kann den Anschluss an Ihrem Kamerageh\u00e4use sch\u00fctzen.<\/p>\n<p>Dies kann besonders hilfreich sein, wenn Sie einen externen Rekorder verwenden.<\/p>\n<p><strong>HINWEIS: Diese Klemme passt nicht direkt auf die meisten HDMI-Kabel von Drittanbietern.<\/strong><\/p>\n","protected":false},"excerpt":{"rendered":"<p>Diese HDMI-Klemme wird an der Seite des Tiltaing Full Camera Cage f\u00fcr Sony a7S III befestigt. Damit k\u00f6nnen Sie ein HDMI-Stecker-auf-HDMI-Buchse-Kabel sicher an Ihrem System befestigen. Diese Klemme kann verhindern, dass sich das HDMI-Kabel w\u00e4hrend der Aufnahme l\u00f6st, und sie [&hellip;]<\/p>\n","protected":false},"featured_media":1962401,"comment_status":"closed","ping_status":"closed","template":"","meta":[],"product_cat":[1128,1263],"product_tag":[],"acf":[],"gallery_images":[885314],"_links":{"self":[{"href":"https:\/\/eu.tilta.com\/de\/wp-json\/wp\/v2\/product\/1973951"}],"collection":[{"href":"https:\/\/eu.tilta.com\/de\/wp-json\/wp\/v2\/product"}],"about":[{"href":"https:\/\/eu.tilta.com\/de\/wp-json\/wp\/v2\/types\/product"}],"replies":[{"embeddable":true,"href":"https:\/\/eu.tilta.com\/de\/wp-json\/wp\/v2\/comments?post=1973951"}],"wp:featuredmedia":[{"embeddable":true,"href":"https:\/\/eu.tilta.com\/de\/wp-json\/wp\/v2\/media\/1962401"}],"wp:attachment":[{"href":"https:\/\/eu.tilta.com\/de\/wp-json\/wp\/v2\/media?parent=1973951"}],"wp:term":[{"taxonomy":"product_cat","embeddable":true,"href":"https:\/\/eu.tilta.com\/de\/wp-json\/wp\/v2\/product_cat?post=1973951"},{"taxonomy":"product_tag","embeddable":true,"href":"https:\/\/eu.tilta.com\/de\/wp-json\/wp\/v2\/product_tag?post=1973951"}],"curies":[{"name":"wp","href":"https:\/\/api.w.org\/{rel}","templated":true}]}}