{"id":1973952,"date":"2020-11-10T15:45:58","date_gmt":"2020-11-10T14:45:58","guid":{"rendered":"https:\/\/de.tilta.com\/shop\/tilta-cold-shoe-empfaengeraufsatz\/"},"modified":"2026-02-16T09:02:31","modified_gmt":"2026-02-16T08:02:31","slug":"tiltaing-cold-shoe-receiver-attachment","status":"publish","type":"product","link":"https:\/\/eu.tilta.com\/de\/shop\/tiltaing-cold-shoe-receiver-attachment\/","title":{"rendered":"Tilta Cold Shoe Empf\u00e4ngeraufsatz"},"content":{"rendered":"<p>Dieser Aufsatz wird an einem der ARRI-lock 1\/4&#8243;-20 Schraubenl\u00f6cher an den Tiltaing-Kamerak\u00e4figen befestigt, um einen Cold-Shoe-Empf\u00e4nger zu montieren. Damit k\u00f6nnen Sie jedes beliebige Zubeh\u00f6r auf der Basis von K\u00fchlschuhen an Ihrem Setup befestigen.<\/p>\n","protected":false},"excerpt":{"rendered":"<p>Dieser Aufsatz wird an einem der ARRI-lock 1\/4&#8243;-20 Schraubenl\u00f6cher an den Tiltaing-Kamerak\u00e4figen befestigt, um einen Cold-Shoe-Empf\u00e4nger zu montieren. Damit k\u00f6nnen Sie jedes beliebige Zubeh\u00f6r auf der Basis von K\u00fchlschuhen an Ihrem Setup befestigen.<\/p>\n","protected":false},"featured_media":1962447,"comment_status":"closed","ping_status":"closed","template":"","meta":[],"product_cat":[1047,4448,1107,1112,1114,1128,1247],"product_tag":[],"acf":[],"gallery_images":[885400],"_links":{"self":[{"href":"https:\/\/eu.tilta.com\/de\/wp-json\/wp\/v2\/product\/1973952"}],"collection":[{"href":"https:\/\/eu.tilta.com\/de\/wp-json\/wp\/v2\/product"}],"about":[{"href":"https:\/\/eu.tilta.com\/de\/wp-json\/wp\/v2\/types\/product"}],"replies":[{"embeddable":true,"href":"https:\/\/eu.tilta.com\/de\/wp-json\/wp\/v2\/comments?post=1973952"}],"wp:featuredmedia":[{"embeddable":true,"href":"https:\/\/eu.tilta.com\/de\/wp-json\/wp\/v2\/media\/1962447"}],"wp:attachment":[{"href":"https:\/\/eu.tilta.com\/de\/wp-json\/wp\/v2\/media?parent=1973952"}],"wp:term":[{"taxonomy":"product_cat","embeddable":true,"href":"https:\/\/eu.tilta.com\/de\/wp-json\/wp\/v2\/product_cat?post=1973952"},{"taxonomy":"product_tag","embeddable":true,"href":"https:\/\/eu.tilta.com\/de\/wp-json\/wp\/v2\/product_tag?post=1973952"}],"curies":[{"name":"wp","href":"https:\/\/api.w.org\/{rel}","templated":true}]}}