{"id":1973984,"date":"2020-10-15T01:43:47","date_gmt":"2020-10-14T23:43:47","guid":{"rendered":"https:\/\/de.tilta.com\/shop\/tilta-left-side-advanced-power-handle-mit-run-stop-f570-batterie\/"},"modified":"2026-04-30T10:00:49","modified_gmt":"2026-04-30T08:00:49","slug":"tiltaing-advanced-power-handle-with-run-stop-f570-battery","status":"publish","type":"product","link":"https:\/\/eu.tilta.com\/de\/shop\/tiltaing-advanced-power-handle-with-run-stop-f570-battery\/","title":{"rendered":"Tilta Left Side Advanced Power Handle mit Run\/Stop (F570 Batterie)"},"content":{"rendered":"<p><strong>HINWEIS: Dieser Griff ist NICHT f\u00fcr die meisten Kamerageh\u00e4use geeignet und kann den Canon R5C NICHT mit Strom versorgen.<\/strong><\/p>\n<p>Dieser fortschrittliche Griff wird an der linken Seite der Tiltaing-Kamerak\u00e4fige befestigt. \u00dcber einen Batterieanschluss an der Unterseite des Griffs k\u00f6nnen Sie einen Sony F570-Akku verwenden, um diverses Zubeh\u00f6r \u00fcber die 8-V-USB-C- und 12-V-DC-Stromausg\u00e4nge mit Strom zu versorgen.<\/p>\n<p>Eine eingebaute Start\/Stopp-Taste erm\u00f6glicht es Ihnen, die Start\/Stopp-Funktion Ihrer Kamera \u00fcber ein optionales R\/S-Kabel zu steuern (f\u00fcr Kameras, die diese Funktion unterst\u00fctzen).<\/p>\n<p class=\"p1\"><b>HINWEIS: Der Typ V Adapter verf\u00fcgt \u00fcber eine Tilta Standard Rosette, die mit einigen, aber nicht allen ARRI Rosetten kompatibel ist.<\/b><\/p>\n","protected":false},"excerpt":{"rendered":"<p>HINWEIS: Dieser Griff ist NICHT f\u00fcr die meisten Kamerageh\u00e4use geeignet und kann den Canon R5C NICHT mit Strom versorgen. Dieser fortschrittliche Griff wird an der linken Seite der Tiltaing-Kamerak\u00e4fige befestigt. \u00dcber einen Batterieanschluss an der Unterseite des Griffs k\u00f6nnen Sie [&hellip;]<\/p>\n","protected":false},"featured_media":1969028,"comment_status":"closed","ping_status":"closed","template":"","meta":[],"product_cat":[1073,1079,1082,1083,1084,1085,1086,1087,1088,1089,1094,1095,1096,1101,1102,1104,1107,1108,1112,1114,1117,1124,1125,1126,1071,1128,1276,1277],"product_tag":[],"acf":[],"gallery_images":[1934430,1934431],"_links":{"self":[{"href":"https:\/\/eu.tilta.com\/de\/wp-json\/wp\/v2\/product\/1973984"}],"collection":[{"href":"https:\/\/eu.tilta.com\/de\/wp-json\/wp\/v2\/product"}],"about":[{"href":"https:\/\/eu.tilta.com\/de\/wp-json\/wp\/v2\/types\/product"}],"replies":[{"embeddable":true,"href":"https:\/\/eu.tilta.com\/de\/wp-json\/wp\/v2\/comments?post=1973984"}],"wp:featuredmedia":[{"embeddable":true,"href":"https:\/\/eu.tilta.com\/de\/wp-json\/wp\/v2\/media\/1969028"}],"wp:attachment":[{"href":"https:\/\/eu.tilta.com\/de\/wp-json\/wp\/v2\/media?parent=1973984"}],"wp:term":[{"taxonomy":"product_cat","embeddable":true,"href":"https:\/\/eu.tilta.com\/de\/wp-json\/wp\/v2\/product_cat?post=1973984"},{"taxonomy":"product_tag","embeddable":true,"href":"https:\/\/eu.tilta.com\/de\/wp-json\/wp\/v2\/product_tag?post=1973984"}],"curies":[{"name":"wp","href":"https:\/\/api.w.org\/{rel}","templated":true}]}}