{"id":1974024,"date":"2020-09-09T09:18:07","date_gmt":"2020-09-09T07:18:07","guid":{"rendered":"https:\/\/de.tilta.com\/shop\/tilta-red-komodo-kit-a\/"},"modified":"2025-12-05T12:16:59","modified_gmt":"2025-12-05T11:16:59","slug":"tiltaing-red-komodo-kit-a","status":"publish","type":"product","link":"https:\/\/eu.tilta.com\/de\/shop\/tiltaing-red-komodo-kit-a\/","title":{"rendered":"Tilta RED Komodo Kit A"},"content":{"rendered":"<p>Dieser Kamerak\u00e4fig bietet eine sch\u00fctzende Panzerung f\u00fcr die RED Komodo Kamera. Es bietet mehrere 1\/4&#8243;-20 und 3\/8&#8243;-16 Befestigungspunkte f\u00fcr die Montage von Zubeh\u00f6r.<\/p>\n<p>Au\u00dferdem verf\u00fcgt er \u00fcber zwei Rosetten auf jeder Seite sowie eine Kaltlichtaufnahme auf der Oberseite. Die Basis des K\u00e4figs bietet au\u00dferdem mehrere Befestigungsl\u00f6cher, wenn Sie Ihre Kamera an Gimbals befestigen, um die Balance Ihres Setups leichter einzustellen.<\/p>\n<p>An der Unterseite des K\u00e4figs kann eine Vielzahl verschiedener Grundplatten angebracht werden, die eine unterschiedliche Befestigung der Stangen und optionale Konfigurationen f\u00fcr die Stromversorgung erm\u00f6glichen.<\/p>\n<p>Der obere Griff mit Schnellverschluss, der verstellbare obere Griff mit Schnellverschluss und verschiedene optionale seitliche Griffe k\u00f6nnen am K\u00e4fig befestigt werden, um verschiedene M\u00f6glichkeiten zu bieten, Ihre Kamera bequem zu bedienen.<\/p>\n<p>Dieses Kit des RED Komodo Kamerak\u00e4figs enth\u00e4lt: den RED Komodo Basisk\u00e4fig, einen Holzgriff auf der rechten Seite, Arca und Manfrotto Schnellspanner und eine verstellbare Halterung f\u00fcr Cold Shoe-Zubeh\u00f6r.<\/p>\n","protected":false},"excerpt":{"rendered":"<p>Dieser Kamerak\u00e4fig bietet eine sch\u00fctzende Panzerung f\u00fcr die RED Komodo Kamera. Es bietet mehrere 1\/4&#8243;-20 und 3\/8&#8243;-16 Befestigungspunkte f\u00fcr die Montage von Zubeh\u00f6r. Au\u00dferdem verf\u00fcgt er \u00fcber zwei Rosetten auf jeder Seite sowie eine Kaltlichtaufnahme auf der Oberseite. Die Basis [&hellip;]<\/p>\n","protected":false},"featured_media":1967345,"comment_status":"closed","ping_status":"closed","template":"","meta":[],"product_cat":[1114],"product_tag":[],"acf":[],"gallery_images":[1915931,1915932,1915933],"_links":{"self":[{"href":"https:\/\/eu.tilta.com\/de\/wp-json\/wp\/v2\/product\/1974024"}],"collection":[{"href":"https:\/\/eu.tilta.com\/de\/wp-json\/wp\/v2\/product"}],"about":[{"href":"https:\/\/eu.tilta.com\/de\/wp-json\/wp\/v2\/types\/product"}],"replies":[{"embeddable":true,"href":"https:\/\/eu.tilta.com\/de\/wp-json\/wp\/v2\/comments?post=1974024"}],"wp:featuredmedia":[{"embeddable":true,"href":"https:\/\/eu.tilta.com\/de\/wp-json\/wp\/v2\/media\/1967345"}],"wp:attachment":[{"href":"https:\/\/eu.tilta.com\/de\/wp-json\/wp\/v2\/media?parent=1974024"}],"wp:term":[{"taxonomy":"product_cat","embeddable":true,"href":"https:\/\/eu.tilta.com\/de\/wp-json\/wp\/v2\/product_cat?post=1974024"},{"taxonomy":"product_tag","embeddable":true,"href":"https:\/\/eu.tilta.com\/de\/wp-json\/wp\/v2\/product_tag?post=1974024"}],"curies":[{"name":"wp","href":"https:\/\/api.w.org\/{rel}","templated":true}]}}