{"id":1974027,"date":"2020-09-04T22:20:51","date_gmt":"2020-09-04T20:20:51","guid":{"rendered":"https:\/\/de.tilta.com\/shop\/tilta-einstellbarer-kalter-schuh-telefonhalterung\/"},"modified":"2026-02-16T09:02:32","modified_gmt":"2026-02-16T08:02:32","slug":"tiltaing-adjustable-cold-shoe-phone-mounting-bracket","status":"publish","type":"product","link":"https:\/\/eu.tilta.com\/de\/shop\/tiltaing-adjustable-cold-shoe-phone-mounting-bracket\/","title":{"rendered":"Tilta Einstellbarer Kalter Schuh Telefonhalterung"},"content":{"rendered":"<p>Diese Halterung wird \u00fcber einen kalten Schuh an Ihrer Kamera befestigt und verf\u00fcgt \u00fcber eine verstellbare Klemme, mit der Sie Ihr Telefon bei Bedarf schnell an Ihrer Kamera befestigen k\u00f6nnen.<\/p>\n<p>Dies ist die perfekte L\u00f6sung f\u00fcr die \u00dcberwachung und Steuerung Ihres RED Komodo, wenn Sie die RED Control App verwenden.<\/p>\n<p>Hier k\u00f6nnen Sie auch anderes Zubeh\u00f6r wie externe Monitore befestigen.<\/p>\n<p>Unterst\u00fctzt Ger\u00e4te mit einer maximalen H\u00f6he von 92 mm.<\/p>\n<p>&nbsp;<\/p>\n","protected":false},"excerpt":{"rendered":"<p>Diese Halterung wird \u00fcber einen kalten Schuh an Ihrer Kamera befestigt und verf\u00fcgt \u00fcber eine verstellbare Klemme, mit der Sie Ihr Telefon bei Bedarf schnell an Ihrer Kamera befestigen k\u00f6nnen. Dies ist die perfekte L\u00f6sung f\u00fcr die \u00dcberwachung und Steuerung [&hellip;]<\/p>\n","protected":false},"featured_media":1961750,"comment_status":"closed","ping_status":"closed","template":"","meta":[],"product_cat":[4448,1079,1080,1082,1083,1084,1085,1086,1087,1088,1089,1090,1091,1094,1096,1097,1098,1099,1102,1103,1104,1105,1106,1107,1108,1109,1110,1112,1114,1116,1124,1125,1126,1071,1128,1129,1130,1135,1136,1137,1218,1248],"product_tag":[],"acf":[],"gallery_images":[882289,882291,882293,882295],"_links":{"self":[{"href":"https:\/\/eu.tilta.com\/de\/wp-json\/wp\/v2\/product\/1974027"}],"collection":[{"href":"https:\/\/eu.tilta.com\/de\/wp-json\/wp\/v2\/product"}],"about":[{"href":"https:\/\/eu.tilta.com\/de\/wp-json\/wp\/v2\/types\/product"}],"replies":[{"embeddable":true,"href":"https:\/\/eu.tilta.com\/de\/wp-json\/wp\/v2\/comments?post=1974027"}],"wp:featuredmedia":[{"embeddable":true,"href":"https:\/\/eu.tilta.com\/de\/wp-json\/wp\/v2\/media\/1961750"}],"wp:attachment":[{"href":"https:\/\/eu.tilta.com\/de\/wp-json\/wp\/v2\/media?parent=1974027"}],"wp:term":[{"taxonomy":"product_cat","embeddable":true,"href":"https:\/\/eu.tilta.com\/de\/wp-json\/wp\/v2\/product_cat?post=1974027"},{"taxonomy":"product_tag","embeddable":true,"href":"https:\/\/eu.tilta.com\/de\/wp-json\/wp\/v2\/product_tag?post=1974027"}],"curies":[{"name":"wp","href":"https:\/\/api.w.org\/{rel}","templated":true}]}}