{"id":1974037,"date":"2020-09-04T11:37:24","date_gmt":"2020-09-04T09:37:24","guid":{"rendered":"https:\/\/de.tilta.com\/shop\/dual-canon-bp-zu-v-mount-adapter-akkuplatte-fuer-red-komodo\/"},"modified":"2025-12-05T12:17:13","modified_gmt":"2025-12-05T11:17:13","slug":"dual-canon-bp-to-v-mount-adapter-battery-plate-for-red-komodo","status":"publish","type":"product","link":"https:\/\/eu.tilta.com\/de\/shop\/dual-canon-bp-to-v-mount-adapter-battery-plate-for-red-komodo\/","title":{"rendered":"Dual Canon BP zu V Mount Adapter Akkuplatte f\u00fcr RED Komodo"},"content":{"rendered":"<p>Mit diesem Adapter k\u00f6nnen Sie die beiden Canon BP-Akkusch\u00e4chte der RED Komodo an eine V-Mount-Akkuplatte anpassen.<\/p>\n<p>So k\u00f6nnen Sie V-Mount-Akkus mit h\u00f6herer Kapazit\u00e4t f\u00fcr die Stromversorgung Ihrer Kamera verwenden und den Austausch von Batterien auf ein Minimum reduzieren.<\/p>\n<p>*Die Ausrichtung dieser Platte kann nicht ge\u00e4ndert werden*.<\/p>\n","protected":false},"excerpt":{"rendered":"<p>Mit diesem Adapter k\u00f6nnen Sie die beiden Canon BP-Akkusch\u00e4chte der RED Komodo an eine V-Mount-Akkuplatte anpassen. So k\u00f6nnen Sie V-Mount-Akkus mit h\u00f6herer Kapazit\u00e4t f\u00fcr die Stromversorgung Ihrer Kamera verwenden und den Austausch von Batterien auf ein Minimum reduzieren. *Die Ausrichtung [&hellip;]<\/p>\n","protected":false},"featured_media":1961704,"comment_status":"closed","ping_status":"closed","template":"","meta":[],"product_cat":[1114,1290],"product_tag":[],"acf":[],"gallery_images":[882231,882233],"_links":{"self":[{"href":"https:\/\/eu.tilta.com\/de\/wp-json\/wp\/v2\/product\/1974037"}],"collection":[{"href":"https:\/\/eu.tilta.com\/de\/wp-json\/wp\/v2\/product"}],"about":[{"href":"https:\/\/eu.tilta.com\/de\/wp-json\/wp\/v2\/types\/product"}],"replies":[{"embeddable":true,"href":"https:\/\/eu.tilta.com\/de\/wp-json\/wp\/v2\/comments?post=1974037"}],"wp:featuredmedia":[{"embeddable":true,"href":"https:\/\/eu.tilta.com\/de\/wp-json\/wp\/v2\/media\/1961704"}],"wp:attachment":[{"href":"https:\/\/eu.tilta.com\/de\/wp-json\/wp\/v2\/media?parent=1974037"}],"wp:term":[{"taxonomy":"product_cat","embeddable":true,"href":"https:\/\/eu.tilta.com\/de\/wp-json\/wp\/v2\/product_cat?post=1974037"},{"taxonomy":"product_tag","embeddable":true,"href":"https:\/\/eu.tilta.com\/de\/wp-json\/wp\/v2\/product_tag?post=1974037"}],"curies":[{"name":"wp","href":"https:\/\/api.w.org\/{rel}","templated":true}]}}