{"id":1974046,"date":"2020-09-04T19:04:04","date_gmt":"2020-09-04T17:04:04","guid":{"rendered":"https:\/\/de.tilta.com\/shop\/tilta-verstellbarer-oberer-handgriff\/"},"modified":"2026-04-30T10:00:50","modified_gmt":"2026-04-30T08:00:50","slug":"tiltaing-adjustable-top-handle","status":"publish","type":"product","link":"https:\/\/eu.tilta.com\/de\/shop\/tiltaing-adjustable-top-handle\/","title":{"rendered":"Tilta Verstellbarer oberer Handgriff"},"content":{"rendered":"<p>Dieser verstellbare Griff kann an einer der Rosettenbefestigungen am Kamerak\u00e4fig f\u00fcr RED Komodo befestigt werden.<\/p>\n<p>Der Griff kann nicht nur \u00fcber die Rosettenverbindung verstellt werden, sondern auch \u00fcber die gelenkige Mittelverstellung, die eine Knopfkonfiguration verwendet &#8211; dr\u00fccken Sie einfach den Knopf und drehen Sie den Griff in die von Ihnen gew\u00fcnschte Position.<\/p>\n<p>Der Handgriff verf\u00fcgt au\u00dferdem \u00fcber einen Befestigungspunkt f\u00fcr den kalten Schuh und eine einzelne 15-mm-Stangenhalterung zur Befestigung von zus\u00e4tzlichem Zubeh\u00f6r.<\/p>\n","protected":false},"excerpt":{"rendered":"<p>Dieser verstellbare Griff kann an einer der Rosettenbefestigungen am Kamerak\u00e4fig f\u00fcr RED Komodo befestigt werden. Der Griff kann nicht nur \u00fcber die Rosettenverbindung verstellt werden, sondern auch \u00fcber die gelenkige Mittelverstellung, die eine Knopfkonfiguration verwendet &#8211; dr\u00fccken Sie einfach den [&hellip;]<\/p>\n","protected":false},"featured_media":1961678,"comment_status":"closed","ping_status":"closed","template":"","meta":[],"product_cat":[1087,1088,1089,1107,1108,1114,1125,1128,1235,1236],"product_tag":[],"acf":[],"gallery_images":[882198,882200],"_links":{"self":[{"href":"https:\/\/eu.tilta.com\/de\/wp-json\/wp\/v2\/product\/1974046"}],"collection":[{"href":"https:\/\/eu.tilta.com\/de\/wp-json\/wp\/v2\/product"}],"about":[{"href":"https:\/\/eu.tilta.com\/de\/wp-json\/wp\/v2\/types\/product"}],"replies":[{"embeddable":true,"href":"https:\/\/eu.tilta.com\/de\/wp-json\/wp\/v2\/comments?post=1974046"}],"wp:featuredmedia":[{"embeddable":true,"href":"https:\/\/eu.tilta.com\/de\/wp-json\/wp\/v2\/media\/1961678"}],"wp:attachment":[{"href":"https:\/\/eu.tilta.com\/de\/wp-json\/wp\/v2\/media?parent=1974046"}],"wp:term":[{"taxonomy":"product_cat","embeddable":true,"href":"https:\/\/eu.tilta.com\/de\/wp-json\/wp\/v2\/product_cat?post=1974046"},{"taxonomy":"product_tag","embeddable":true,"href":"https:\/\/eu.tilta.com\/de\/wp-json\/wp\/v2\/product_tag?post=1974046"}],"curies":[{"name":"wp","href":"https:\/\/api.w.org\/{rel}","templated":true}]}}