{"id":1974060,"date":"2020-06-17T12:43:17","date_gmt":"2020-06-17T10:43:17","guid":{"rendered":"https:\/\/de.tilta.com\/shop\/sony-a9-serie-dummy-batterie-zu-5-5-2-1mm-dc-buchse-kabel\/"},"modified":"2026-02-16T09:00:16","modified_gmt":"2026-02-16T08:00:16","slug":"sony-a9-series-dummy-battery-to-5-5-2-1mm-dc-female-cable","status":"publish","type":"product","link":"https:\/\/eu.tilta.com\/de\/shop\/sony-a9-series-dummy-battery-to-5-5-2-1mm-dc-female-cable\/","title":{"rendered":"Sony A9 Serie Dummy-Batterie zu 5.5\/2.1mm DC Buchse Kabel"},"content":{"rendered":"<p>Mit diesem Sony NP-FZ100 Dummy-Akku auf 5,5\/2,1 mm DC-Buchse k\u00f6nnen Sie die Sony a9, a7 III und a7R III Kameras sowie Sony NP-FZ100 strombetriebenes Zubeh\u00f6r \u00fcber ein 5,5\/2,1 mm DC-Steckerkabel mit Strom versorgen.<\/p>\n","protected":false},"excerpt":{"rendered":"<p>Mit diesem Sony NP-FZ100 Dummy-Akku auf 5,5\/2,1 mm DC-Buchse k\u00f6nnen Sie die Sony a9, a7 III und a7R III Kameras sowie Sony NP-FZ100 strombetriebenes Zubeh\u00f6r \u00fcber ein 5,5\/2,1 mm DC-Steckerkabel mit Strom versorgen.<\/p>\n","protected":false},"featured_media":1961256,"comment_status":"closed","ping_status":"closed","template":"","meta":[],"product_cat":[4448,1265],"product_tag":[],"acf":[],"gallery_images":[],"_links":{"self":[{"href":"https:\/\/eu.tilta.com\/de\/wp-json\/wp\/v2\/product\/1974060"}],"collection":[{"href":"https:\/\/eu.tilta.com\/de\/wp-json\/wp\/v2\/product"}],"about":[{"href":"https:\/\/eu.tilta.com\/de\/wp-json\/wp\/v2\/types\/product"}],"replies":[{"embeddable":true,"href":"https:\/\/eu.tilta.com\/de\/wp-json\/wp\/v2\/comments?post=1974060"}],"wp:featuredmedia":[{"embeddable":true,"href":"https:\/\/eu.tilta.com\/de\/wp-json\/wp\/v2\/media\/1961256"}],"wp:attachment":[{"href":"https:\/\/eu.tilta.com\/de\/wp-json\/wp\/v2\/media?parent=1974060"}],"wp:term":[{"taxonomy":"product_cat","embeddable":true,"href":"https:\/\/eu.tilta.com\/de\/wp-json\/wp\/v2\/product_cat?post=1974060"},{"taxonomy":"product_tag","embeddable":true,"href":"https:\/\/eu.tilta.com\/de\/wp-json\/wp\/v2\/product_tag?post=1974060"}],"curies":[{"name":"wp","href":"https:\/\/api.w.org\/{rel}","templated":true}]}}