{"id":1974061,"date":"2020-06-17T12:31:41","date_gmt":"2020-06-17T10:31:41","guid":{"rendered":"https:\/\/de.tilta.com\/shop\/canon-lp-e6-dummy-batterie-auf-55-21mm-dc-buchse-kabel\/"},"modified":"2026-02-16T09:00:16","modified_gmt":"2026-02-16T08:00:16","slug":"canon-lp-e6-dummy-battery-to-5-5-2-1mm-dc-female-cable","status":"publish","type":"product","link":"https:\/\/eu.tilta.com\/de\/shop\/canon-lp-e6-dummy-battery-to-5-5-2-1mm-dc-female-cable\/","title":{"rendered":"Canon LP-E6 Dummy-Batterie auf 5,5\/2,1mm DC-Buchse Kabel"},"content":{"rendered":"<p>Mit diesem Canon LP-E6 Dummy-Akku auf 5,5\/2,1 mm DC-Buchse k\u00f6nnen Sie Kameras, die Canon LP-E6 Akkus verwenden, sowie strombetriebenes Canon LP-E6 Zubeh\u00f6r \u00fcber ein 5,5\/2,1 mm DC-Steckerkabel mit Strom versorgen.<\/p>\n","protected":false},"excerpt":{"rendered":"<p>Mit diesem Canon LP-E6 Dummy-Akku auf 5,5\/2,1 mm DC-Buchse k\u00f6nnen Sie Kameras, die Canon LP-E6 Akkus verwenden, sowie strombetriebenes Canon LP-E6 Zubeh\u00f6r \u00fcber ein 5,5\/2,1 mm DC-Steckerkabel mit Strom versorgen.<\/p>\n","protected":false},"featured_media":1961254,"comment_status":"closed","ping_status":"closed","template":"","meta":[],"product_cat":[4448,1265],"product_tag":[],"acf":[],"gallery_images":[],"_links":{"self":[{"href":"https:\/\/eu.tilta.com\/de\/wp-json\/wp\/v2\/product\/1974061"}],"collection":[{"href":"https:\/\/eu.tilta.com\/de\/wp-json\/wp\/v2\/product"}],"about":[{"href":"https:\/\/eu.tilta.com\/de\/wp-json\/wp\/v2\/types\/product"}],"replies":[{"embeddable":true,"href":"https:\/\/eu.tilta.com\/de\/wp-json\/wp\/v2\/comments?post=1974061"}],"wp:featuredmedia":[{"embeddable":true,"href":"https:\/\/eu.tilta.com\/de\/wp-json\/wp\/v2\/media\/1961254"}],"wp:attachment":[{"href":"https:\/\/eu.tilta.com\/de\/wp-json\/wp\/v2\/media?parent=1974061"}],"wp:term":[{"taxonomy":"product_cat","embeddable":true,"href":"https:\/\/eu.tilta.com\/de\/wp-json\/wp\/v2\/product_cat?post=1974061"},{"taxonomy":"product_tag","embeddable":true,"href":"https:\/\/eu.tilta.com\/de\/wp-json\/wp\/v2\/product_tag?post=1974061"}],"curies":[{"name":"wp","href":"https:\/\/api.w.org\/{rel}","templated":true}]}}