{"id":1974062,"date":"2020-06-08T16:21:49","date_gmt":"2020-06-08T14:21:49","guid":{"rendered":"https:\/\/de.tilta.com\/shop\/sony-l-serie-auf-v-mount-adapter-batterieplatte-typ-ii\/"},"modified":"2025-12-05T12:17:07","modified_gmt":"2025-12-05T11:17:07","slug":"sony-l-series-to-v-mount-adapter-battery-plate-type-ii","status":"publish","type":"product","link":"https:\/\/eu.tilta.com\/de\/shop\/sony-l-series-to-v-mount-adapter-battery-plate-type-ii\/","title":{"rendered":"Sony L-Serie auf V-Mount Adapter Batterieplatte Typ II"},"content":{"rendered":"<p>Mit diesem Adapter k\u00f6nnen Sie eine Sony Akkuplatte der L-Serie (wie die, die in den verschiedenen Z CAM-Kameras eingebaut ist) an eine V-Mount-Akkuplatte anpassen.<\/p>\n<p>Auf diese Weise k\u00f6nnen Sie die viel l\u00e4ngere Lebensdauer eines V-Mount-Akkus f\u00fcr die Stromversorgung Ihrer Kamera nutzen und den Austausch von Batterien auf ein Minimum reduzieren.<\/p>\n<p>Dies ist auch die perfekte L\u00f6sung f\u00fcr die Stromversorgung von kleinerem Zubeh\u00f6r, das traditionell mit Batterien der L-Serie mit geringerer Kapazit\u00e4t betrieben wird, wie z.B. kleinere LED Light Panels oder externe Monitore f\u00fcr Fokusstationen.<\/p>\n<p>Die Typ II-Version ist kompakter, um die Kontaktstifte der Sony L-Serie weniger zu belasten, kann aber mit einigen Anschl\u00fcssen der Z CAM-Kamerageh\u00e4use kollidieren.<\/p>\n<p>Wir empfehlen Typ-I-Platten f\u00fcr Benutzer, f\u00fcr die dies ein Problem darstellen k\u00f6nnte.<\/p>\n<p>&nbsp;<\/p>\n","protected":false},"excerpt":{"rendered":"<p>Mit diesem Adapter k\u00f6nnen Sie eine Sony Akkuplatte der L-Serie (wie die, die in den verschiedenen Z CAM-Kameras eingebaut ist) an eine V-Mount-Akkuplatte anpassen. Auf diese Weise k\u00f6nnen Sie die viel l\u00e4ngere Lebensdauer eines V-Mount-Akkus f\u00fcr die Stromversorgung Ihrer Kamera [&hellip;]<\/p>\n","protected":false},"featured_media":1961237,"comment_status":"closed","ping_status":"closed","template":"","meta":[],"product_cat":[1135,1136,1137,1290],"product_tag":[],"acf":[],"gallery_images":[793126,793127,793128],"_links":{"self":[{"href":"https:\/\/eu.tilta.com\/de\/wp-json\/wp\/v2\/product\/1974062"}],"collection":[{"href":"https:\/\/eu.tilta.com\/de\/wp-json\/wp\/v2\/product"}],"about":[{"href":"https:\/\/eu.tilta.com\/de\/wp-json\/wp\/v2\/types\/product"}],"replies":[{"embeddable":true,"href":"https:\/\/eu.tilta.com\/de\/wp-json\/wp\/v2\/comments?post=1974062"}],"wp:featuredmedia":[{"embeddable":true,"href":"https:\/\/eu.tilta.com\/de\/wp-json\/wp\/v2\/media\/1961237"}],"wp:attachment":[{"href":"https:\/\/eu.tilta.com\/de\/wp-json\/wp\/v2\/media?parent=1974062"}],"wp:term":[{"taxonomy":"product_cat","embeddable":true,"href":"https:\/\/eu.tilta.com\/de\/wp-json\/wp\/v2\/product_cat?post=1974062"},{"taxonomy":"product_tag","embeddable":true,"href":"https:\/\/eu.tilta.com\/de\/wp-json\/wp\/v2\/product_tag?post=1974062"}],"curies":[{"name":"wp","href":"https:\/\/api.w.org\/{rel}","templated":true}]}}