{"id":1974064,"date":"2020-04-29T09:40:17","date_gmt":"2020-04-29T07:40:17","guid":{"rendered":"https:\/\/de.tilta.com\/shop\/2-x-15mm-aluminiumstab-200mm-schwarz\/"},"modified":"2026-03-14T12:30:22","modified_gmt":"2026-03-14T11:30:22","slug":"2-x-15mm-aluminum-rod-200mm-black","status":"publish","type":"product","link":"https:\/\/eu.tilta.com\/de\/shop\/2-x-15mm-aluminum-rod-200mm-black\/","title":{"rendered":"2 x 15mm Aluminiumstab &#8211; 200mm Schwarz"},"content":{"rendered":"<p>Diese Stangen sind mit 15mm Studio- und 15mm LWS-Basisplatten kompatibel und bieten eine M\u00f6glichkeit, Zubeh\u00f6r an Ihrem Kamera-Rig zu befestigen. Der Preis bezieht sich auf ein Paar schwarze 15mm x 200mm St\u00e4be.<\/p>\n","protected":false},"excerpt":{"rendered":"<p>Diese Stangen sind mit 15mm Studio- und 15mm LWS-Basisplatten kompatibel und bieten eine M\u00f6glichkeit, Zubeh\u00f6r an Ihrem Kamera-Rig zu befestigen. Der Preis bezieht sich auf ein Paar schwarze 15mm x 200mm St\u00e4be.<\/p>\n","protected":false},"featured_media":1961056,"comment_status":"closed","ping_status":"closed","template":"","meta":[],"product_cat":[1065],"product_tag":[],"acf":[],"gallery_images":[],"_links":{"self":[{"href":"https:\/\/eu.tilta.com\/de\/wp-json\/wp\/v2\/product\/1974064"}],"collection":[{"href":"https:\/\/eu.tilta.com\/de\/wp-json\/wp\/v2\/product"}],"about":[{"href":"https:\/\/eu.tilta.com\/de\/wp-json\/wp\/v2\/types\/product"}],"replies":[{"embeddable":true,"href":"https:\/\/eu.tilta.com\/de\/wp-json\/wp\/v2\/comments?post=1974064"}],"wp:featuredmedia":[{"embeddable":true,"href":"https:\/\/eu.tilta.com\/de\/wp-json\/wp\/v2\/media\/1961056"}],"wp:attachment":[{"href":"https:\/\/eu.tilta.com\/de\/wp-json\/wp\/v2\/media?parent=1974064"}],"wp:term":[{"taxonomy":"product_cat","embeddable":true,"href":"https:\/\/eu.tilta.com\/de\/wp-json\/wp\/v2\/product_cat?post=1974064"},{"taxonomy":"product_tag","embeddable":true,"href":"https:\/\/eu.tilta.com\/de\/wp-json\/wp\/v2\/product_tag?post=1974064"}],"curies":[{"name":"wp","href":"https:\/\/api.w.org\/{rel}","templated":true}]}}