{"id":1974081,"date":"2020-03-02T18:17:55","date_gmt":"2020-03-02T17:17:55","guid":{"rendered":"https:\/\/de.tilta.com\/shop\/gimbal-ring-adapter-for-mini-pocket-v-mount-battery-plate\/"},"modified":"2026-02-25T21:55:44","modified_gmt":"2026-02-25T20:55:44","slug":"gimbal-ring-adapter-for-mini-v-mount-battery-plate","status":"publish","type":"product","link":"https:\/\/eu.tilta.com\/de\/shop\/gimbal-ring-adapter-for-mini-v-mount-battery-plate\/","title":{"rendered":"Gimbal Ring Adapter for Mini\/Pocket V-Mount Battery Plate"},"content":{"rendered":"<p>Mit diesem Gimbal-Ringadapter k\u00f6nnen Sie Ihre Mini und\/oder Pocket V-Mount Akkuplatte ganz einfach an den meisten ringbasierten Gimbals befestigen.<\/p>\n<p>Dies ist die perfekte, leichte L\u00f6sung, um Batterien an Ihrem Gimbal-Rahmen zu befestigen, anstatt Ihr Kamerasystem mit zus\u00e4tzlichem Gewicht zu belasten.<\/p>\n<p>Diese Platte kann auch die Beschr\u00e4nkung aufheben, eine bestimmte Akkugr\u00f6\u00dfe verwenden zu m\u00fcssen, um eine bestimmte Gewichtsverteilung beim Ausbalancieren auf Ihrem Gimbal beizubehalten.<\/p>\n<p>Die Entlastung Ihres Kamerasystems kann zu einer besseren Gimbal-Leistung f\u00fchren und mehr Gewicht f\u00fcr die Montage von zus\u00e4tzlichem Zubeh\u00f6r wie Follow-Focus-Motoren und Matte-Boxen erm\u00f6glichen.<\/p>\n<p>&nbsp;<\/p>\n","protected":false},"excerpt":{"rendered":"<p>Mit diesem Gimbal-Ringadapter k\u00f6nnen Sie Ihre Mini und\/oder Pocket V-Mount Akkuplatte ganz einfach an den meisten ringbasierten Gimbals befestigen. Dies ist die perfekte, leichte L\u00f6sung, um Batterien an Ihrem Gimbal-Rahmen zu befestigen, anstatt Ihr Kamerasystem mit zus\u00e4tzlichem Gewicht zu belasten. [&hellip;]<\/p>\n","protected":false},"featured_media":1960921,"comment_status":"closed","ping_status":"closed","template":"","meta":[],"product_cat":[1293,1295,1247],"product_tag":[],"acf":[],"gallery_images":[574497,574506],"_links":{"self":[{"href":"https:\/\/eu.tilta.com\/de\/wp-json\/wp\/v2\/product\/1974081"}],"collection":[{"href":"https:\/\/eu.tilta.com\/de\/wp-json\/wp\/v2\/product"}],"about":[{"href":"https:\/\/eu.tilta.com\/de\/wp-json\/wp\/v2\/types\/product"}],"replies":[{"embeddable":true,"href":"https:\/\/eu.tilta.com\/de\/wp-json\/wp\/v2\/comments?post=1974081"}],"wp:featuredmedia":[{"embeddable":true,"href":"https:\/\/eu.tilta.com\/de\/wp-json\/wp\/v2\/media\/1960921"}],"wp:attachment":[{"href":"https:\/\/eu.tilta.com\/de\/wp-json\/wp\/v2\/media?parent=1974081"}],"wp:term":[{"taxonomy":"product_cat","embeddable":true,"href":"https:\/\/eu.tilta.com\/de\/wp-json\/wp\/v2\/product_cat?post=1974081"},{"taxonomy":"product_tag","embeddable":true,"href":"https:\/\/eu.tilta.com\/de\/wp-json\/wp\/v2\/product_tag?post=1974081"}],"curies":[{"name":"wp","href":"https:\/\/api.w.org\/{rel}","templated":true}]}}