{"id":1974106,"date":"2020-03-03T09:41:49","date_gmt":"2020-03-03T08:41:49","guid":{"rendered":"https:\/\/de.tilta.com\/shop\/sony-l-serie-auf-v-mount-adapter-batterieplatte-typ-i\/"},"modified":"2026-02-16T09:02:33","modified_gmt":"2026-02-16T08:02:33","slug":"sony-l-series-to-v-mount-adapter-battery-plate-type-i","status":"publish","type":"product","link":"https:\/\/eu.tilta.com\/de\/shop\/sony-l-series-to-v-mount-adapter-battery-plate-type-i\/","title":{"rendered":"Sony L-Serie auf V-Mount Adapter Batterieplatte Typ I"},"content":{"rendered":"<p>Mit diesem Adapter k\u00f6nnen Sie eine Sony Akkuplatte der L-Serie (wie die, die in den verschiedenen Z CAM-Kameras eingebaut ist) an eine V-Mount-Akkuplatte anpassen.<\/p>\n<p>Auf diese Weise k\u00f6nnen Sie die viel l\u00e4ngere Lebensdauer eines V-Mount-Akkus f\u00fcr die Stromversorgung Ihrer Kamera nutzen und den Austausch von Batterien auf ein Minimum reduzieren.<\/p>\n<p>Dies ist auch die perfekte L\u00f6sung f\u00fcr die Stromversorgung von kleinerem Zubeh\u00f6r, das traditionell mit Batterien der L-Serie mit geringerer Kapazit\u00e4t betrieben wird, wie z.B. kleinere LED Light Panels oder externe Monitore f\u00fcr Fokusstationen.<\/p>\n<p>Die Version Typ I ist l\u00e4nger, um HDMI-Kabel besser an Z CAM-Kamerageh\u00e4usen unterbringen zu k\u00f6nnen.<\/p>\n","protected":false},"excerpt":{"rendered":"<p>Mit diesem Adapter k\u00f6nnen Sie eine Sony Akkuplatte der L-Serie (wie die, die in den verschiedenen Z CAM-Kameras eingebaut ist) an eine V-Mount-Akkuplatte anpassen. Auf diese Weise k\u00f6nnen Sie die viel l\u00e4ngere Lebensdauer eines V-Mount-Akkus f\u00fcr die Stromversorgung Ihrer Kamera [&hellip;]<\/p>\n","protected":false},"featured_media":1961210,"comment_status":"closed","ping_status":"closed","template":"","meta":[],"product_cat":[1047,4448,1135,1136,1137,1290],"product_tag":[],"acf":[],"gallery_images":[786888,786889,786890,574968],"_links":{"self":[{"href":"https:\/\/eu.tilta.com\/de\/wp-json\/wp\/v2\/product\/1974106"}],"collection":[{"href":"https:\/\/eu.tilta.com\/de\/wp-json\/wp\/v2\/product"}],"about":[{"href":"https:\/\/eu.tilta.com\/de\/wp-json\/wp\/v2\/types\/product"}],"replies":[{"embeddable":true,"href":"https:\/\/eu.tilta.com\/de\/wp-json\/wp\/v2\/comments?post=1974106"}],"wp:featuredmedia":[{"embeddable":true,"href":"https:\/\/eu.tilta.com\/de\/wp-json\/wp\/v2\/media\/1961210"}],"wp:attachment":[{"href":"https:\/\/eu.tilta.com\/de\/wp-json\/wp\/v2\/media?parent=1974106"}],"wp:term":[{"taxonomy":"product_cat","embeddable":true,"href":"https:\/\/eu.tilta.com\/de\/wp-json\/wp\/v2\/product_cat?post=1974106"},{"taxonomy":"product_tag","embeddable":true,"href":"https:\/\/eu.tilta.com\/de\/wp-json\/wp\/v2\/product_tag?post=1974106"}],"curies":[{"name":"wp","href":"https:\/\/api.w.org\/{rel}","templated":true}]}}