{"id":1974110,"date":"2020-03-03T09:15:21","date_gmt":"2020-03-03T08:15:21","guid":{"rendered":"https:\/\/de.tilta.com\/shop\/rod-adapter-for-mini-pocket-v-mount-battery-plate\/"},"modified":"2026-03-31T10:37:31","modified_gmt":"2026-03-31T08:37:31","slug":"rod-adapter-for-mini-v-mount-battery-plate","status":"publish","type":"product","link":"https:\/\/eu.tilta.com\/de\/shop\/rod-adapter-for-mini-v-mount-battery-plate\/","title":{"rendered":"Rod Adapter for Mini\/Pocket V-Mount Battery Plate"},"content":{"rendered":"<p>Mit diesem 15-mm-LWS-Rutenadapter k\u00f6nnen Sie Ihre Mini und\/oder Pocket V-Mount-Akkuplatte an jedem 15-mm-LWS-Rutensystem befestigen, damit Sie bequem einen V-Mount-Akku an Ihrem Setup anbringen k\u00f6nnen.<\/p>\n<p>Das kompakte Design dieses Adapters und der Akkuplatte macht ihn zu einer perfekten L\u00f6sung f\u00fcr die Montage eines V-Mount-Akkus an einem kleineren Kamerageh\u00e4use, ohne das zus\u00e4tzliche Gewicht, das traditionell mit gr\u00f6\u00dferen Akkuplatten verbunden ist.<\/p>\n<p>Mit diesem Stangenadapter k\u00f6nnen Sie die Mini\/Pocket V-Mount-Akkuplatte auch horizontal, vertikal oder flach an den Stangen befestigen.<\/p>\n","protected":false},"excerpt":{"rendered":"<p>Mit diesem 15-mm-LWS-Rutenadapter k\u00f6nnen Sie Ihre Mini und\/oder Pocket V-Mount-Akkuplatte an jedem 15-mm-LWS-Rutensystem befestigen, damit Sie bequem einen V-Mount-Akku an Ihrem Setup anbringen k\u00f6nnen. Das kompakte Design dieses Adapters und der Akkuplatte macht ihn zu einer perfekten L\u00f6sung f\u00fcr die [&hellip;]<\/p>\n","protected":false},"featured_media":1961009,"comment_status":"closed","ping_status":"closed","template":"","meta":[],"product_cat":[3255,1079,1080,1086,1087,1088,1089,1090,1091,1095,1096,1097,1098,1099,1101,1102,1103,1105,1106,1107,1108,1109,1110,1114,1116,1117,1118,1119,1120,1122,1124,1125,1126,1071,1128,1129,1130,1135,1136,1137,1293,1295],"product_tag":[],"acf":[],"gallery_images":[574865,574866,574868,574869,574870,574867],"_links":{"self":[{"href":"https:\/\/eu.tilta.com\/de\/wp-json\/wp\/v2\/product\/1974110"}],"collection":[{"href":"https:\/\/eu.tilta.com\/de\/wp-json\/wp\/v2\/product"}],"about":[{"href":"https:\/\/eu.tilta.com\/de\/wp-json\/wp\/v2\/types\/product"}],"replies":[{"embeddable":true,"href":"https:\/\/eu.tilta.com\/de\/wp-json\/wp\/v2\/comments?post=1974110"}],"wp:featuredmedia":[{"embeddable":true,"href":"https:\/\/eu.tilta.com\/de\/wp-json\/wp\/v2\/media\/1961009"}],"wp:attachment":[{"href":"https:\/\/eu.tilta.com\/de\/wp-json\/wp\/v2\/media?parent=1974110"}],"wp:term":[{"taxonomy":"product_cat","embeddable":true,"href":"https:\/\/eu.tilta.com\/de\/wp-json\/wp\/v2\/product_cat?post=1974110"},{"taxonomy":"product_tag","embeddable":true,"href":"https:\/\/eu.tilta.com\/de\/wp-json\/wp\/v2\/product_tag?post=1974110"}],"curies":[{"name":"wp","href":"https:\/\/api.w.org\/{rel}","templated":true}]}}